{"id":3275,"date":"2025-07-25T06:56:19","date_gmt":"2025-07-25T06:56:19","guid":{"rendered":"https:\/\/chickencage.com\/product\/gaiola-de-frango-de-corte\/"},"modified":"2025-07-25T06:56:19","modified_gmt":"2025-07-25T06:56:19","slug":"gaiola-de-frango-de-corte","status":"publish","type":"product","link":"https:\/\/chickencage.com\/pt-pt\/products\/gaiola-de-frango-de-corte\/","title":{"rendered":"Gaiola de frango de corte"},"content":{"rendered":"<p>Os animais criados em gaiolas poupam cerca de 50% da terra em compara\u00e7\u00e3o com os animais criados ao ar livre. A gest\u00e3o centralizada pode economizar energia e recursos, reduzir custos e diminuir a incid\u00eancia de doen\u00e7as. E o design exclusivo da porta da gaiola (nova porta de mola) pode efetivamente evitar que a cabe\u00e7a do frango oscile para cima e para baixo enquanto come, desperdi\u00e7ando ra\u00e7\u00e3o.  <\/p>\n<p>Nossas gaiolas de frango possuem sistemas totalmente automatizados, incluindo sistemas autom\u00e1ticos de alimenta\u00e7\u00e3o e bebida, garantindo que cada frango tenha absor\u00e7\u00e3o adequada. Al\u00e9m disso, o sistema autom\u00e1tico de limpeza da cama pode minimizar as emiss\u00f5es de am\u00f4nia no galinheiro. A cortina de \u00e1gua pode ajustar a temperatura para melhorar a qualidade do ar e proporcionar um ambiente limpo para os pintos. O alto fluxo de ar e a alta efici\u00eancia operacional do ventilador podem ser personalizados de acordo com os requisitos. O avan\u00e7ado sistema de controle ambiental pode fornecer um ambiente ideal com temperatura e umidade constantes para os frangos.    <\/p>\n","protected":false},"excerpt":{"rendered":"<p>As dimens\u00f5es comuns para gaiolas de frango s\u00e3o 1,25 metro de comprimento, 1 metro de largura e 0,45 metro de altura. As gaiolas para frangos de corte podem ser personalizadas em tamanho, especifica\u00e7\u00f5es e n\u00famero de n\u00edveis, dependendo do local e do tipo de produ\u00e7\u00e3o, tornando-as adequadas para granjas de frangos e patos em grande escala. Temos nosso pr\u00f3prio centro de pesquisa e desenvolvimento, capaz de projetar e produzir gaiolas de v\u00e1rios tamanhos e modelos. Nossas estruturas de gaiola de frango s\u00e3o constru\u00eddas a partir de chapa galvanizada de 275g, formada em uma \u00fanica etapa usando equipamentos de lamina\u00e7\u00e3o totalmente automatizados para proteger eficazmente o revestimento galvanizado. A malha da gaiola \u00e9 galvanizada a quente, resultando em excelente flexibilidade, resist\u00eancia \u00e0 flex\u00e3o e resist\u00eancia \u00e0 corros\u00e3o, com uma vida \u00fatil de mais de 20 anos. Os canos de \u00e1gua podem ser quadrados ou redondos, dependendo das suas necessidades. Os bebedouros s\u00e3o tubos quadrados c\u00f4nicos, com quatro fornecidos por conjunto. Os bebedouros s\u00e3o de PVC unilateral.       <\/p>\n","protected":false},"featured_media":0,"comment_status":"open","ping_status":"closed","template":"","meta":[],"product_brand":[],"product_cat":[74],"product_tag":[],"class_list":{"0":"post-3275","1":"product","2":"type-product","3":"status-publish","5":"product_cat-uncategorized","7":"first","8":"instock","9":"shipping-taxable","10":"product-type-simple"},"gallery_images":[942,943],"yoast_head":"<!-- This site is optimized with the Yoast SEO plugin v26.2 - https:\/\/yoast.com\/wordpress\/plugins\/seo\/ -->\n<title>Gaiola de frango de corte - layer chicken cage broiler poultry equipment,trust Huabang Smart<\/title>\n<meta name=\"robots\" content=\"index, follow, max-snippet:-1, max-image-preview:large, max-video-preview:-1\" \/>\n<link rel=\"canonical\" href=\"https:\/\/chickencage.com\/pt-pt\/products\/gaiola-de-frango-de-corte\/\" \/>\n<meta property=\"og:locale\" content=\"pt_PT\" \/>\n<meta property=\"og:type\" content=\"article\" \/>\n<meta property=\"og:title\" content=\"Gaiola de frango de corte - layer chicken cage broiler poultry equipment,trust Huabang Smart\" \/>\n<meta property=\"og:description\" content=\"As dimens\u00f5es comuns para gaiolas de frango s\u00e3o 1,25 metro de comprimento, 1 metro de largura e 0,45 metro de altura. As gaiolas para frangos de corte podem ser personalizadas em tamanho, especifica\u00e7\u00f5es e n\u00famero de n\u00edveis, dependendo do local e do tipo de produ\u00e7\u00e3o, tornando-as adequadas para granjas de frangos e patos em grande escala. Temos nosso pr\u00f3prio centro de pesquisa e desenvolvimento, capaz de projetar e produzir gaiolas de v\u00e1rios tamanhos e modelos. Nossas estruturas de gaiola de frango s\u00e3o constru\u00eddas a partir de chapa galvanizada de 275g, formada em uma \u00fanica etapa usando equipamentos de lamina\u00e7\u00e3o totalmente automatizados para proteger eficazmente o revestimento galvanizado. A malha da gaiola \u00e9 galvanizada a quente, resultando em excelente flexibilidade, resist\u00eancia \u00e0 flex\u00e3o e resist\u00eancia \u00e0 corros\u00e3o, com uma vida \u00fatil de mais de 20 anos. Os canos de \u00e1gua podem ser quadrados ou redondos, dependendo das suas necessidades. Os bebedouros s\u00e3o tubos quadrados c\u00f4nicos, com quatro fornecidos por conjunto. Os bebedouros s\u00e3o de PVC unilateral.\" \/>\n<meta property=\"og:url\" content=\"https:\/\/chickencage.com\/pt-pt\/products\/gaiola-de-frango-de-corte\/\" \/>\n<meta property=\"og:site_name\" content=\"layer chicken cage broiler poultry equipment,trust Huabang Smart\" \/>\n<meta property=\"article:publisher\" content=\"https:\/\/www.facebook.com\/share\/1AtJU1wzRY\/?mibextid=LQQJ4d\" \/>\n<meta name=\"twitter:card\" content=\"summary_large_image\" \/>\n<meta name=\"twitter:label1\" content=\"Tempo estimado de leitura\" \/>\n\t<meta name=\"twitter:data1\" content=\"1 minuto\" \/>\n<script type=\"application\/ld+json\" class=\"yoast-schema-graph\">{\"@context\":\"https:\/\/schema.org\",\"@graph\":[{\"@type\":\"WebPage\",\"@id\":\"https:\/\/chickencage.com\/pt-pt\/products\/gaiola-de-frango-de-corte\/\",\"url\":\"https:\/\/chickencage.com\/pt-pt\/products\/gaiola-de-frango-de-corte\/\",\"name\":\"Gaiola de frango de corte - layer chicken cage broiler poultry equipment,trust Huabang Smart\",\"isPartOf\":{\"@id\":\"https:\/\/chickencage.com\/pt-pt\/#website\"},\"datePublished\":\"2025-07-25T06:56:19+00:00\",\"breadcrumb\":{\"@id\":\"https:\/\/chickencage.com\/pt-pt\/products\/gaiola-de-frango-de-corte\/#breadcrumb\"},\"inLanguage\":\"pt-PT\",\"potentialAction\":[{\"@type\":\"ReadAction\",\"target\":[\"https:\/\/chickencage.com\/pt-pt\/products\/gaiola-de-frango-de-corte\/\"]}]},{\"@type\":\"BreadcrumbList\",\"@id\":\"https:\/\/chickencage.com\/pt-pt\/products\/gaiola-de-frango-de-corte\/#breadcrumb\",\"itemListElement\":[{\"@type\":\"ListItem\",\"position\":1,\"name\":\"Home\",\"item\":\"https:\/\/chickencage.com\/pt-pt\/\"},{\"@type\":\"ListItem\",\"position\":2,\"name\":\"Produtos\",\"item\":\"https:\/\/chickencage.com\/pt-pt\/produtos\/\"},{\"@type\":\"ListItem\",\"position\":3,\"name\":\"Gaiola de frango de corte\"}]},{\"@type\":\"WebSite\",\"@id\":\"https:\/\/chickencage.com\/pt-pt\/#website\",\"url\":\"https:\/\/chickencage.com\/pt-pt\/\",\"name\":\"Huabang Agricultural and Animal Husbandry Machinery\",\"description\":\"broiler cage, layer chicken cages and poultry equipment, It is a high-tech enterprise in China specializing in the production of high-quality established in 2009\",\"publisher\":{\"@id\":\"https:\/\/chickencage.com\/pt-pt\/#organization\"},\"potentialAction\":[{\"@type\":\"SearchAction\",\"target\":{\"@type\":\"EntryPoint\",\"urlTemplate\":\"https:\/\/chickencage.com\/pt-pt\/?s={search_term_string}\"},\"query-input\":{\"@type\":\"PropertyValueSpecification\",\"valueRequired\":true,\"valueName\":\"search_term_string\"}}],\"inLanguage\":\"pt-PT\"},{\"@type\":\"Organization\",\"@id\":\"https:\/\/chickencage.com\/pt-pt\/#organization\",\"name\":\"Huabang Agricultural and Animal Husbandry Machinery\",\"url\":\"https:\/\/chickencage.com\/pt-pt\/\",\"logo\":{\"@type\":\"ImageObject\",\"inLanguage\":\"pt-PT\",\"@id\":\"https:\/\/chickencage.com\/pt-pt\/#\/schema\/logo\/image\/\",\"url\":\"https:\/\/i0.wp.com\/chickencage.com\/wp-content\/uploads\/2025\/07\/last-logo.jpg?fit=1500%2C240&ssl=1\",\"contentUrl\":\"https:\/\/i0.wp.com\/chickencage.com\/wp-content\/uploads\/2025\/07\/last-logo.jpg?fit=1500%2C240&ssl=1\",\"width\":1500,\"height\":240,\"caption\":\"Huabang Agricultural and Animal Husbandry Machinery\"},\"image\":{\"@id\":\"https:\/\/chickencage.com\/pt-pt\/#\/schema\/logo\/image\/\"},\"sameAs\":[\"https:\/\/www.facebook.com\/share\/1AtJU1wzRY\/?mibextid=LQQJ4d\",\"https:\/\/www.linkedin.cn\/incareer\/in\/yongchao-ge-6a4ba8380\"]}]}<\/script>\n<!-- \/ Yoast SEO plugin. -->","yoast_head_json":{"title":"Gaiola de frango de corte - layer chicken cage broiler poultry equipment,trust Huabang Smart","robots":{"index":"index","follow":"follow","max-snippet":"max-snippet:-1","max-image-preview":"max-image-preview:large","max-video-preview":"max-video-preview:-1"},"canonical":"https:\/\/chickencage.com\/pt-pt\/products\/gaiola-de-frango-de-corte\/","og_locale":"pt_PT","og_type":"article","og_title":"Gaiola de frango de corte - layer chicken cage broiler poultry equipment,trust Huabang Smart","og_description":"As dimens\u00f5es comuns para gaiolas de frango s\u00e3o 1,25 metro de comprimento, 1 metro de largura e 0,45 metro de altura. As gaiolas para frangos de corte podem ser personalizadas em tamanho, especifica\u00e7\u00f5es e n\u00famero de n\u00edveis, dependendo do local e do tipo de produ\u00e7\u00e3o, tornando-as adequadas para granjas de frangos e patos em grande escala. Temos nosso pr\u00f3prio centro de pesquisa e desenvolvimento, capaz de projetar e produzir gaiolas de v\u00e1rios tamanhos e modelos. Nossas estruturas de gaiola de frango s\u00e3o constru\u00eddas a partir de chapa galvanizada de 275g, formada em uma \u00fanica etapa usando equipamentos de lamina\u00e7\u00e3o totalmente automatizados para proteger eficazmente o revestimento galvanizado. A malha da gaiola \u00e9 galvanizada a quente, resultando em excelente flexibilidade, resist\u00eancia \u00e0 flex\u00e3o e resist\u00eancia \u00e0 corros\u00e3o, com uma vida \u00fatil de mais de 20 anos. Os canos de \u00e1gua podem ser quadrados ou redondos, dependendo das suas necessidades. Os bebedouros s\u00e3o tubos quadrados c\u00f4nicos, com quatro fornecidos por conjunto. Os bebedouros s\u00e3o de PVC unilateral.","og_url":"https:\/\/chickencage.com\/pt-pt\/products\/gaiola-de-frango-de-corte\/","og_site_name":"layer chicken cage broiler poultry equipment,trust Huabang Smart","article_publisher":"https:\/\/www.facebook.com\/share\/1AtJU1wzRY\/?mibextid=LQQJ4d","twitter_card":"summary_large_image","twitter_misc":{"Tempo estimado de leitura":"1 minuto"},"schema":{"@context":"https:\/\/schema.org","@graph":[{"@type":"WebPage","@id":"https:\/\/chickencage.com\/pt-pt\/products\/gaiola-de-frango-de-corte\/","url":"https:\/\/chickencage.com\/pt-pt\/products\/gaiola-de-frango-de-corte\/","name":"Gaiola de frango de corte - layer chicken cage broiler poultry equipment,trust Huabang Smart","isPartOf":{"@id":"https:\/\/chickencage.com\/pt-pt\/#website"},"datePublished":"2025-07-25T06:56:19+00:00","breadcrumb":{"@id":"https:\/\/chickencage.com\/pt-pt\/products\/gaiola-de-frango-de-corte\/#breadcrumb"},"inLanguage":"pt-PT","potentialAction":[{"@type":"ReadAction","target":["https:\/\/chickencage.com\/pt-pt\/products\/gaiola-de-frango-de-corte\/"]}]},{"@type":"BreadcrumbList","@id":"https:\/\/chickencage.com\/pt-pt\/products\/gaiola-de-frango-de-corte\/#breadcrumb","itemListElement":[{"@type":"ListItem","position":1,"name":"Home","item":"https:\/\/chickencage.com\/pt-pt\/"},{"@type":"ListItem","position":2,"name":"Produtos","item":"https:\/\/chickencage.com\/pt-pt\/produtos\/"},{"@type":"ListItem","position":3,"name":"Gaiola de frango de corte"}]},{"@type":"WebSite","@id":"https:\/\/chickencage.com\/pt-pt\/#website","url":"https:\/\/chickencage.com\/pt-pt\/","name":"Huabang Agricultural and Animal Husbandry Machinery","description":"broiler cage, layer chicken cages and poultry equipment, It is a high-tech enterprise in China specializing in the production of high-quality established in 2009","publisher":{"@id":"https:\/\/chickencage.com\/pt-pt\/#organization"},"potentialAction":[{"@type":"SearchAction","target":{"@type":"EntryPoint","urlTemplate":"https:\/\/chickencage.com\/pt-pt\/?s={search_term_string}"},"query-input":{"@type":"PropertyValueSpecification","valueRequired":true,"valueName":"search_term_string"}}],"inLanguage":"pt-PT"},{"@type":"Organization","@id":"https:\/\/chickencage.com\/pt-pt\/#organization","name":"Huabang Agricultural and Animal Husbandry Machinery","url":"https:\/\/chickencage.com\/pt-pt\/","logo":{"@type":"ImageObject","inLanguage":"pt-PT","@id":"https:\/\/chickencage.com\/pt-pt\/#\/schema\/logo\/image\/","url":"https:\/\/i0.wp.com\/chickencage.com\/wp-content\/uploads\/2025\/07\/last-logo.jpg?fit=1500%2C240&ssl=1","contentUrl":"https:\/\/i0.wp.com\/chickencage.com\/wp-content\/uploads\/2025\/07\/last-logo.jpg?fit=1500%2C240&ssl=1","width":1500,"height":240,"caption":"Huabang Agricultural and Animal Husbandry Machinery"},"image":{"@id":"https:\/\/chickencage.com\/pt-pt\/#\/schema\/logo\/image\/"},"sameAs":["https:\/\/www.facebook.com\/share\/1AtJU1wzRY\/?mibextid=LQQJ4d","https:\/\/www.linkedin.cn\/incareer\/in\/yongchao-ge-6a4ba8380"]}]}},"_links":{"self":[{"href":"https:\/\/chickencage.com\/pt-pt\/wp-json\/wp\/v2\/product\/3275","targetHints":{"allow":["GET"]}}],"collection":[{"href":"https:\/\/chickencage.com\/pt-pt\/wp-json\/wp\/v2\/product"}],"about":[{"href":"https:\/\/chickencage.com\/pt-pt\/wp-json\/wp\/v2\/types\/product"}],"replies":[{"embeddable":true,"href":"https:\/\/chickencage.com\/pt-pt\/wp-json\/wp\/v2\/comments?post=3275"}],"version-history":[{"count":0,"href":"https:\/\/chickencage.com\/pt-pt\/wp-json\/wp\/v2\/product\/3275\/revisions"}],"wp:attachment":[{"href":"https:\/\/chickencage.com\/pt-pt\/wp-json\/wp\/v2\/media?parent=3275"}],"wp:term":[{"taxonomy":"product_brand","embeddable":true,"href":"https:\/\/chickencage.com\/pt-pt\/wp-json\/wp\/v2\/product_brand?post=3275"},{"taxonomy":"product_cat","embeddable":true,"href":"https:\/\/chickencage.com\/pt-pt\/wp-json\/wp\/v2\/product_cat?post=3275"},{"taxonomy":"product_tag","embeddable":true,"href":"https:\/\/chickencage.com\/pt-pt\/wp-json\/wp\/v2\/product_tag?post=3275"}],"curies":[{"name":"wp","href":"https:\/\/api.w.org\/{rel}","templated":true}]}}