{"id":3270,"date":"2025-07-25T06:57:39","date_gmt":"2025-07-25T06:57:39","guid":{"rendered":"https:\/\/chickencage.com\/product\/sistema-de-alimentacao-automatica\/"},"modified":"2025-07-25T06:57:39","modified_gmt":"2025-07-25T06:57:39","slug":"sistema-de-alimentacao-automatica","status":"publish","type":"product","link":"https:\/\/chickencage.com\/pt-pt\/products\/sistema-de-alimentacao-automatica\/","title":{"rendered":"Sistema de alimenta\u00e7\u00e3o autom\u00e1tica"},"content":{"rendered":"<p>Os sistemas de alimenta\u00e7\u00e3o de pavimento incluem um tubo de alimenta\u00e7\u00e3o e um tubo de \u00e1gua. O tubo de alimenta\u00e7\u00e3o \u00e9 galvanizado a quente, e a broca \u00e9 feita de a\u00e7o mangan\u00eas de alto carbono. A tremonha em forma de V \u00e9 tipicamente de 60cm x 60cm e equipada com um motor de engrenagens de 0,75kW. A bandeja de alimenta\u00e7\u00e3o normalmente tem 16 compartimentos. O tubo de \u00e1gua pode ser redondo (com uma v\u00e1lvula de esfera) ou quadrado (com uma v\u00e1lvula de cone). Os bebedores s\u00e3o do tipo copo pendurado, com quatro por metro. Um filtro \u00e9 normalmente instalado na entrada de \u00e1gua.      <\/p>\n<p>A alimenta\u00e7\u00e3o autom\u00e1tica poupa tempo e esfor\u00e7o.<\/p>\n","protected":false},"excerpt":{"rendered":"<p>Este sistema inteligente de cria\u00e7\u00e3o de frangos de corte usa tecnologia de automa\u00e7\u00e3o avan\u00e7ada para garantir que cada frango possa obter o melhor ambiente de crescimento. O sistema de linha de alimenta\u00e7\u00e3o e \u00e1gua fornece automaticamente alimentos frescos e \u00e1gua limpa para garantir uma dieta saud\u00e1vel para o bando. O piso de frango feito de material PP \u00e9 dur\u00e1vel e f\u00e1cil de limpar, o que previne doen\u00e7as de forma eficiente. Sistemas eficientes de ventilador e cortina mant\u00eam a qualidade do ar e a temperatura correta. Enquanto os sistemas de controle ambiental ajustam par\u00e2metros-chave como temperatura e umidade em tempo real para garantir o crescimento saud\u00e1vel do bando.    <\/p>\n","protected":false},"featured_media":0,"comment_status":"open","ping_status":"closed","template":"","meta":[],"product_brand":[],"product_cat":[74],"product_tag":[],"class_list":{"0":"post-3270","1":"product","2":"type-product","3":"status-publish","5":"product_cat-uncategorized","7":"first","8":"instock","9":"shipping-taxable","10":"product-type-simple"},"gallery_images":[945,946],"yoast_head":"<!-- This site is optimized with the Yoast SEO plugin v26.2 - https:\/\/yoast.com\/wordpress\/plugins\/seo\/ -->\n<title>Sistema de alimenta\u00e7\u00e3o autom\u00e1tica - layer chicken cage broiler poultry equipment,trust Huabang Smart<\/title>\n<meta name=\"robots\" content=\"index, follow, max-snippet:-1, max-image-preview:large, max-video-preview:-1\" \/>\n<link rel=\"canonical\" href=\"https:\/\/chickencage.com\/pt-pt\/products\/sistema-de-alimentacao-automatica\/\" \/>\n<meta property=\"og:locale\" content=\"pt_PT\" \/>\n<meta property=\"og:type\" content=\"article\" \/>\n<meta property=\"og:title\" content=\"Sistema de alimenta\u00e7\u00e3o autom\u00e1tica - layer chicken cage broiler poultry equipment,trust Huabang Smart\" \/>\n<meta property=\"og:description\" content=\"Este sistema inteligente de cria\u00e7\u00e3o de frangos de corte usa tecnologia de automa\u00e7\u00e3o avan\u00e7ada para garantir que cada frango possa obter o melhor ambiente de crescimento. O sistema de linha de alimenta\u00e7\u00e3o e \u00e1gua fornece automaticamente alimentos frescos e \u00e1gua limpa para garantir uma dieta saud\u00e1vel para o bando. O piso de frango feito de material PP \u00e9 dur\u00e1vel e f\u00e1cil de limpar, o que previne doen\u00e7as de forma eficiente. Sistemas eficientes de ventilador e cortina mant\u00eam a qualidade do ar e a temperatura correta. Enquanto os sistemas de controle ambiental ajustam par\u00e2metros-chave como temperatura e umidade em tempo real para garantir o crescimento saud\u00e1vel do bando.\" \/>\n<meta property=\"og:url\" content=\"https:\/\/chickencage.com\/pt-pt\/products\/sistema-de-alimentacao-automatica\/\" \/>\n<meta property=\"og:site_name\" content=\"layer chicken cage broiler poultry equipment,trust Huabang Smart\" \/>\n<meta property=\"article:publisher\" content=\"https:\/\/www.facebook.com\/share\/1AtJU1wzRY\/?mibextid=LQQJ4d\" \/>\n<meta name=\"twitter:card\" content=\"summary_large_image\" \/>\n<meta name=\"twitter:label1\" content=\"Tempo estimado de leitura\" \/>\n\t<meta name=\"twitter:data1\" content=\"1 minuto\" \/>\n<script type=\"application\/ld+json\" class=\"yoast-schema-graph\">{\"@context\":\"https:\/\/schema.org\",\"@graph\":[{\"@type\":\"WebPage\",\"@id\":\"https:\/\/chickencage.com\/pt-pt\/products\/sistema-de-alimentacao-automatica\/\",\"url\":\"https:\/\/chickencage.com\/pt-pt\/products\/sistema-de-alimentacao-automatica\/\",\"name\":\"Sistema de alimenta\u00e7\u00e3o autom\u00e1tica - layer chicken cage broiler poultry equipment,trust Huabang Smart\",\"isPartOf\":{\"@id\":\"https:\/\/chickencage.com\/pt-pt\/#website\"},\"datePublished\":\"2025-07-25T06:57:39+00:00\",\"breadcrumb\":{\"@id\":\"https:\/\/chickencage.com\/pt-pt\/products\/sistema-de-alimentacao-automatica\/#breadcrumb\"},\"inLanguage\":\"pt-PT\",\"potentialAction\":[{\"@type\":\"ReadAction\",\"target\":[\"https:\/\/chickencage.com\/pt-pt\/products\/sistema-de-alimentacao-automatica\/\"]}]},{\"@type\":\"BreadcrumbList\",\"@id\":\"https:\/\/chickencage.com\/pt-pt\/products\/sistema-de-alimentacao-automatica\/#breadcrumb\",\"itemListElement\":[{\"@type\":\"ListItem\",\"position\":1,\"name\":\"Home\",\"item\":\"https:\/\/chickencage.com\/pt-pt\/\"},{\"@type\":\"ListItem\",\"position\":2,\"name\":\"Produtos\",\"item\":\"https:\/\/chickencage.com\/pt-pt\/produtos\/\"},{\"@type\":\"ListItem\",\"position\":3,\"name\":\"Sistema de alimenta\u00e7\u00e3o autom\u00e1tica\"}]},{\"@type\":\"WebSite\",\"@id\":\"https:\/\/chickencage.com\/pt-pt\/#website\",\"url\":\"https:\/\/chickencage.com\/pt-pt\/\",\"name\":\"Huabang Agricultural and Animal Husbandry Machinery\",\"description\":\"broiler cage, layer chicken cages and poultry equipment, It is a high-tech enterprise in China specializing in the production of high-quality established in 2009\",\"publisher\":{\"@id\":\"https:\/\/chickencage.com\/pt-pt\/#organization\"},\"potentialAction\":[{\"@type\":\"SearchAction\",\"target\":{\"@type\":\"EntryPoint\",\"urlTemplate\":\"https:\/\/chickencage.com\/pt-pt\/?s={search_term_string}\"},\"query-input\":{\"@type\":\"PropertyValueSpecification\",\"valueRequired\":true,\"valueName\":\"search_term_string\"}}],\"inLanguage\":\"pt-PT\"},{\"@type\":\"Organization\",\"@id\":\"https:\/\/chickencage.com\/pt-pt\/#organization\",\"name\":\"Huabang Agricultural and Animal Husbandry Machinery\",\"url\":\"https:\/\/chickencage.com\/pt-pt\/\",\"logo\":{\"@type\":\"ImageObject\",\"inLanguage\":\"pt-PT\",\"@id\":\"https:\/\/chickencage.com\/pt-pt\/#\/schema\/logo\/image\/\",\"url\":\"https:\/\/i0.wp.com\/chickencage.com\/wp-content\/uploads\/2025\/07\/last-logo.jpg?fit=1500%2C240&ssl=1\",\"contentUrl\":\"https:\/\/i0.wp.com\/chickencage.com\/wp-content\/uploads\/2025\/07\/last-logo.jpg?fit=1500%2C240&ssl=1\",\"width\":1500,\"height\":240,\"caption\":\"Huabang Agricultural and Animal Husbandry Machinery\"},\"image\":{\"@id\":\"https:\/\/chickencage.com\/pt-pt\/#\/schema\/logo\/image\/\"},\"sameAs\":[\"https:\/\/www.facebook.com\/share\/1AtJU1wzRY\/?mibextid=LQQJ4d\",\"https:\/\/www.linkedin.cn\/incareer\/in\/yongchao-ge-6a4ba8380\"]}]}<\/script>\n<!-- \/ Yoast SEO plugin. -->","yoast_head_json":{"title":"Sistema de alimenta\u00e7\u00e3o autom\u00e1tica - layer chicken cage broiler poultry equipment,trust Huabang Smart","robots":{"index":"index","follow":"follow","max-snippet":"max-snippet:-1","max-image-preview":"max-image-preview:large","max-video-preview":"max-video-preview:-1"},"canonical":"https:\/\/chickencage.com\/pt-pt\/products\/sistema-de-alimentacao-automatica\/","og_locale":"pt_PT","og_type":"article","og_title":"Sistema de alimenta\u00e7\u00e3o autom\u00e1tica - layer chicken cage broiler poultry equipment,trust Huabang Smart","og_description":"Este sistema inteligente de cria\u00e7\u00e3o de frangos de corte usa tecnologia de automa\u00e7\u00e3o avan\u00e7ada para garantir que cada frango possa obter o melhor ambiente de crescimento. O sistema de linha de alimenta\u00e7\u00e3o e \u00e1gua fornece automaticamente alimentos frescos e \u00e1gua limpa para garantir uma dieta saud\u00e1vel para o bando. O piso de frango feito de material PP \u00e9 dur\u00e1vel e f\u00e1cil de limpar, o que previne doen\u00e7as de forma eficiente. Sistemas eficientes de ventilador e cortina mant\u00eam a qualidade do ar e a temperatura correta. Enquanto os sistemas de controle ambiental ajustam par\u00e2metros-chave como temperatura e umidade em tempo real para garantir o crescimento saud\u00e1vel do bando.","og_url":"https:\/\/chickencage.com\/pt-pt\/products\/sistema-de-alimentacao-automatica\/","og_site_name":"layer chicken cage broiler poultry equipment,trust Huabang Smart","article_publisher":"https:\/\/www.facebook.com\/share\/1AtJU1wzRY\/?mibextid=LQQJ4d","twitter_card":"summary_large_image","twitter_misc":{"Tempo estimado de leitura":"1 minuto"},"schema":{"@context":"https:\/\/schema.org","@graph":[{"@type":"WebPage","@id":"https:\/\/chickencage.com\/pt-pt\/products\/sistema-de-alimentacao-automatica\/","url":"https:\/\/chickencage.com\/pt-pt\/products\/sistema-de-alimentacao-automatica\/","name":"Sistema de alimenta\u00e7\u00e3o autom\u00e1tica - layer chicken cage broiler poultry equipment,trust Huabang Smart","isPartOf":{"@id":"https:\/\/chickencage.com\/pt-pt\/#website"},"datePublished":"2025-07-25T06:57:39+00:00","breadcrumb":{"@id":"https:\/\/chickencage.com\/pt-pt\/products\/sistema-de-alimentacao-automatica\/#breadcrumb"},"inLanguage":"pt-PT","potentialAction":[{"@type":"ReadAction","target":["https:\/\/chickencage.com\/pt-pt\/products\/sistema-de-alimentacao-automatica\/"]}]},{"@type":"BreadcrumbList","@id":"https:\/\/chickencage.com\/pt-pt\/products\/sistema-de-alimentacao-automatica\/#breadcrumb","itemListElement":[{"@type":"ListItem","position":1,"name":"Home","item":"https:\/\/chickencage.com\/pt-pt\/"},{"@type":"ListItem","position":2,"name":"Produtos","item":"https:\/\/chickencage.com\/pt-pt\/produtos\/"},{"@type":"ListItem","position":3,"name":"Sistema de alimenta\u00e7\u00e3o autom\u00e1tica"}]},{"@type":"WebSite","@id":"https:\/\/chickencage.com\/pt-pt\/#website","url":"https:\/\/chickencage.com\/pt-pt\/","name":"Huabang Agricultural and Animal Husbandry Machinery","description":"broiler cage, layer chicken cages and poultry equipment, It is a high-tech enterprise in China specializing in the production of high-quality established in 2009","publisher":{"@id":"https:\/\/chickencage.com\/pt-pt\/#organization"},"potentialAction":[{"@type":"SearchAction","target":{"@type":"EntryPoint","urlTemplate":"https:\/\/chickencage.com\/pt-pt\/?s={search_term_string}"},"query-input":{"@type":"PropertyValueSpecification","valueRequired":true,"valueName":"search_term_string"}}],"inLanguage":"pt-PT"},{"@type":"Organization","@id":"https:\/\/chickencage.com\/pt-pt\/#organization","name":"Huabang Agricultural and Animal Husbandry Machinery","url":"https:\/\/chickencage.com\/pt-pt\/","logo":{"@type":"ImageObject","inLanguage":"pt-PT","@id":"https:\/\/chickencage.com\/pt-pt\/#\/schema\/logo\/image\/","url":"https:\/\/i0.wp.com\/chickencage.com\/wp-content\/uploads\/2025\/07\/last-logo.jpg?fit=1500%2C240&ssl=1","contentUrl":"https:\/\/i0.wp.com\/chickencage.com\/wp-content\/uploads\/2025\/07\/last-logo.jpg?fit=1500%2C240&ssl=1","width":1500,"height":240,"caption":"Huabang Agricultural and Animal Husbandry Machinery"},"image":{"@id":"https:\/\/chickencage.com\/pt-pt\/#\/schema\/logo\/image\/"},"sameAs":["https:\/\/www.facebook.com\/share\/1AtJU1wzRY\/?mibextid=LQQJ4d","https:\/\/www.linkedin.cn\/incareer\/in\/yongchao-ge-6a4ba8380"]}]}},"_links":{"self":[{"href":"https:\/\/chickencage.com\/pt-pt\/wp-json\/wp\/v2\/product\/3270","targetHints":{"allow":["GET"]}}],"collection":[{"href":"https:\/\/chickencage.com\/pt-pt\/wp-json\/wp\/v2\/product"}],"about":[{"href":"https:\/\/chickencage.com\/pt-pt\/wp-json\/wp\/v2\/types\/product"}],"replies":[{"embeddable":true,"href":"https:\/\/chickencage.com\/pt-pt\/wp-json\/wp\/v2\/comments?post=3270"}],"version-history":[{"count":0,"href":"https:\/\/chickencage.com\/pt-pt\/wp-json\/wp\/v2\/product\/3270\/revisions"}],"wp:attachment":[{"href":"https:\/\/chickencage.com\/pt-pt\/wp-json\/wp\/v2\/media?parent=3270"}],"wp:term":[{"taxonomy":"product_brand","embeddable":true,"href":"https:\/\/chickencage.com\/pt-pt\/wp-json\/wp\/v2\/product_brand?post=3270"},{"taxonomy":"product_cat","embeddable":true,"href":"https:\/\/chickencage.com\/pt-pt\/wp-json\/wp\/v2\/product_cat?post=3270"},{"taxonomy":"product_tag","embeddable":true,"href":"https:\/\/chickencage.com\/pt-pt\/wp-json\/wp\/v2\/product_tag?post=3270"}],"curies":[{"name":"wp","href":"https:\/\/api.w.org\/{rel}","templated":true}]}}