{"id":3276,"date":"2025-07-25T06:56:19","date_gmt":"2025-07-25T06:56:19","guid":{"rendered":"https:\/\/chickencage.com\/product\/cage-a-poulet-de-chair\/"},"modified":"2025-07-25T06:56:19","modified_gmt":"2025-07-25T06:56:19","slug":"cage-a-poulet-de-chair","status":"publish","type":"product","link":"https:\/\/chickencage.com\/fr\/products\/cage-a-poulet-de-chair\/","title":{"rendered":"Cage \u00e0 poulet de chair"},"content":{"rendered":"<p>Les animaux \u00e9lev\u00e9s en cage \u00e9conomisent environ 50 % des terres par rapport aux animaux en libert\u00e9. Une gestion centralis\u00e9e permet d\u2019\u00e9conomiser de l\u2019\u00e9nergie et des ressources, de r\u00e9duire les co\u00fbts et de r\u00e9duire l\u2019incidence des maladies. Et la conception unique de la porte de la cage (nouvelle porte \u00e0 ressort) peut emp\u00eacher efficacement la t\u00eate du poulet de se balancer de haut en bas pendant qu\u2019il mange, gaspillant ainsi de la nourriture.  <\/p>\n<p>Nos cages \u00e0 griller sont dot\u00e9es de syst\u00e8mes enti\u00e8rement automatis\u00e9s, y compris des syst\u00e8mes d\u2019alimentation et d\u2019abreuvement automatiques, garantissant que chaque poulet a une absorption ad\u00e9quate. De plus, le syst\u00e8me de nettoyage automatique de la liti\u00e8re peut minimiser les \u00e9missions d\u2019ammoniac dans le poulailler. Le rideau d\u2019eau peut ajuster la temp\u00e9rature pour am\u00e9liorer la qualit\u00e9 de l\u2019air et fournir un environnement de vie propre pour les poussins. Le d\u00e9bit d\u2019air \u00e9lev\u00e9 et l\u2019efficacit\u00e9 de fonctionnement \u00e9lev\u00e9e du ventilateur peuvent \u00eatre personnalis\u00e9s en fonction des besoins. Le syst\u00e8me avanc\u00e9 de contr\u00f4le de l\u2019environnement peut fournir un environnement id\u00e9al avec une temp\u00e9rature et une humidit\u00e9 constantes pour les poulets.    <\/p>\n","protected":false},"excerpt":{"rendered":"<p>Les dimensions courantes des cages de poulets de chair sont de 1,25 m\u00e8tre de long, 1 m\u00e8tre de large et 0,45 m\u00e8tre de haut. Les cages de poulets de chair peuvent \u00eatre personnalis\u00e9es en termes de taille, de sp\u00e9cifications et de nombre de niveaux en fonction de l\u2019emplacement et du type de production, ce qui les rend adapt\u00e9es aux \u00e9levages de poulets de chair et de canards \u00e0 grande \u00e9chelle. Nous disposons de notre propre centre de R&amp;D, capable de concevoir et de produire des cages de diff\u00e9rentes tailles et mod\u00e8les. Nos cadres de cage de poulet de chair sont fabriqu\u00e9s \u00e0 partir de t\u00f4le galvanis\u00e9e de 275 g, form\u00e9e en une seule \u00e9tape \u00e0 l\u2019aide d\u2019un \u00e9quipement de laminage enti\u00e8rement automatis\u00e9 pour prot\u00e9ger efficacement le rev\u00eatement galvanis\u00e9. Le treillis de la cage est galvanis\u00e9 \u00e0 chaud, ce qui lui conf\u00e8re une excellente flexibilit\u00e9, une r\u00e9sistance \u00e0 la flexion et une r\u00e9sistance \u00e0 la corrosion, avec une dur\u00e9e de vie de plus de 20 ans. Les conduites d\u2019eau peuvent \u00eatre carr\u00e9es ou rondes, selon vos besoins. Les abreuvoirs sont des tubes carr\u00e9s effil\u00e9s, avec quatre fournis par s\u00e9rie. Les auges sont en PVC simple face.       <\/p>\n","protected":false},"featured_media":0,"comment_status":"open","ping_status":"closed","template":"","meta":[],"product_brand":[],"product_cat":[72],"product_tag":[],"class_list":{"0":"post-3276","1":"product","2":"type-product","3":"status-publish","5":"product_cat-uncategorized","7":"first","8":"instock","9":"shipping-taxable","10":"product-type-simple"},"gallery_images":[942,943],"yoast_head":"<!-- This site is optimized with the Yoast SEO plugin v26.2 - https:\/\/yoast.com\/wordpress\/plugins\/seo\/ -->\n<title>Cage \u00e0 poulet de chair - layer chicken cage broiler poultry equipment,trust Huabang Smart<\/title>\n<meta name=\"robots\" content=\"index, follow, max-snippet:-1, max-image-preview:large, max-video-preview:-1\" \/>\n<link rel=\"canonical\" href=\"https:\/\/chickencage.com\/fr\/products\/cage-a-poulet-de-chair\/\" \/>\n<meta property=\"og:locale\" content=\"fr_FR\" \/>\n<meta property=\"og:type\" content=\"article\" \/>\n<meta property=\"og:title\" content=\"Cage \u00e0 poulet de chair - layer chicken cage broiler poultry equipment,trust Huabang Smart\" \/>\n<meta property=\"og:description\" content=\"Les dimensions courantes des cages de poulets de chair sont de 1,25 m\u00e8tre de long, 1 m\u00e8tre de large et 0,45 m\u00e8tre de haut. Les cages de poulets de chair peuvent \u00eatre personnalis\u00e9es en termes de taille, de sp\u00e9cifications et de nombre de niveaux en fonction de l\u2019emplacement et du type de production, ce qui les rend adapt\u00e9es aux \u00e9levages de poulets de chair et de canards \u00e0 grande \u00e9chelle. Nous disposons de notre propre centre de R&amp;D, capable de concevoir et de produire des cages de diff\u00e9rentes tailles et mod\u00e8les. Nos cadres de cage de poulet de chair sont fabriqu\u00e9s \u00e0 partir de t\u00f4le galvanis\u00e9e de 275 g, form\u00e9e en une seule \u00e9tape \u00e0 l\u2019aide d\u2019un \u00e9quipement de laminage enti\u00e8rement automatis\u00e9 pour prot\u00e9ger efficacement le rev\u00eatement galvanis\u00e9. Le treillis de la cage est galvanis\u00e9 \u00e0 chaud, ce qui lui conf\u00e8re une excellente flexibilit\u00e9, une r\u00e9sistance \u00e0 la flexion et une r\u00e9sistance \u00e0 la corrosion, avec une dur\u00e9e de vie de plus de 20 ans. Les conduites d\u2019eau peuvent \u00eatre carr\u00e9es ou rondes, selon vos besoins. Les abreuvoirs sont des tubes carr\u00e9s effil\u00e9s, avec quatre fournis par s\u00e9rie. Les auges sont en PVC simple face.\" \/>\n<meta property=\"og:url\" content=\"https:\/\/chickencage.com\/fr\/products\/cage-a-poulet-de-chair\/\" \/>\n<meta property=\"og:site_name\" content=\"layer chicken cage broiler poultry equipment,trust Huabang Smart\" \/>\n<meta property=\"article:publisher\" content=\"https:\/\/www.facebook.com\/share\/1AtJU1wzRY\/?mibextid=LQQJ4d\" \/>\n<meta name=\"twitter:card\" content=\"summary_large_image\" \/>\n<meta name=\"twitter:label1\" content=\"Dur\u00e9e de lecture estim\u00e9e\" \/>\n\t<meta name=\"twitter:data1\" content=\"1 minute\" \/>\n<script type=\"application\/ld+json\" class=\"yoast-schema-graph\">{\"@context\":\"https:\/\/schema.org\",\"@graph\":[{\"@type\":\"WebPage\",\"@id\":\"https:\/\/chickencage.com\/fr\/products\/cage-a-poulet-de-chair\/\",\"url\":\"https:\/\/chickencage.com\/fr\/products\/cage-a-poulet-de-chair\/\",\"name\":\"Cage \u00e0 poulet de chair - layer chicken cage broiler poultry equipment,trust Huabang Smart\",\"isPartOf\":{\"@id\":\"https:\/\/chickencage.com\/fr\/#website\"},\"datePublished\":\"2025-07-25T06:56:19+00:00\",\"breadcrumb\":{\"@id\":\"https:\/\/chickencage.com\/fr\/products\/cage-a-poulet-de-chair\/#breadcrumb\"},\"inLanguage\":\"fr-FR\",\"potentialAction\":[{\"@type\":\"ReadAction\",\"target\":[\"https:\/\/chickencage.com\/fr\/products\/cage-a-poulet-de-chair\/\"]}]},{\"@type\":\"BreadcrumbList\",\"@id\":\"https:\/\/chickencage.com\/fr\/products\/cage-a-poulet-de-chair\/#breadcrumb\",\"itemListElement\":[{\"@type\":\"ListItem\",\"position\":1,\"name\":\"Home\",\"item\":\"https:\/\/chickencage.com\/fr\/\"},{\"@type\":\"ListItem\",\"position\":2,\"name\":\"Produits\",\"item\":\"https:\/\/chickencage.com\/fr\/produits\/\"},{\"@type\":\"ListItem\",\"position\":3,\"name\":\"Cage \u00e0 poulet de chair\"}]},{\"@type\":\"WebSite\",\"@id\":\"https:\/\/chickencage.com\/fr\/#website\",\"url\":\"https:\/\/chickencage.com\/fr\/\",\"name\":\"Huabang Agricultural and Animal Husbandry Machinery\",\"description\":\"broiler cage, layer chicken cages and poultry equipment, It is a high-tech enterprise in China specializing in the production of high-quality established in 2009\",\"publisher\":{\"@id\":\"https:\/\/chickencage.com\/fr\/#organization\"},\"potentialAction\":[{\"@type\":\"SearchAction\",\"target\":{\"@type\":\"EntryPoint\",\"urlTemplate\":\"https:\/\/chickencage.com\/fr\/?s={search_term_string}\"},\"query-input\":{\"@type\":\"PropertyValueSpecification\",\"valueRequired\":true,\"valueName\":\"search_term_string\"}}],\"inLanguage\":\"fr-FR\"},{\"@type\":\"Organization\",\"@id\":\"https:\/\/chickencage.com\/fr\/#organization\",\"name\":\"Huabang Agricultural and Animal Husbandry Machinery\",\"url\":\"https:\/\/chickencage.com\/fr\/\",\"logo\":{\"@type\":\"ImageObject\",\"inLanguage\":\"fr-FR\",\"@id\":\"https:\/\/chickencage.com\/fr\/#\/schema\/logo\/image\/\",\"url\":\"https:\/\/i0.wp.com\/chickencage.com\/wp-content\/uploads\/2025\/07\/last-logo.jpg?fit=1500%2C240&ssl=1\",\"contentUrl\":\"https:\/\/i0.wp.com\/chickencage.com\/wp-content\/uploads\/2025\/07\/last-logo.jpg?fit=1500%2C240&ssl=1\",\"width\":1500,\"height\":240,\"caption\":\"Huabang Agricultural and Animal Husbandry Machinery\"},\"image\":{\"@id\":\"https:\/\/chickencage.com\/fr\/#\/schema\/logo\/image\/\"},\"sameAs\":[\"https:\/\/www.facebook.com\/share\/1AtJU1wzRY\/?mibextid=LQQJ4d\",\"https:\/\/www.linkedin.cn\/incareer\/in\/yongchao-ge-6a4ba8380\"]}]}<\/script>\n<!-- \/ Yoast SEO plugin. -->","yoast_head_json":{"title":"Cage \u00e0 poulet de chair - layer chicken cage broiler poultry equipment,trust Huabang Smart","robots":{"index":"index","follow":"follow","max-snippet":"max-snippet:-1","max-image-preview":"max-image-preview:large","max-video-preview":"max-video-preview:-1"},"canonical":"https:\/\/chickencage.com\/fr\/products\/cage-a-poulet-de-chair\/","og_locale":"fr_FR","og_type":"article","og_title":"Cage \u00e0 poulet de chair - layer chicken cage broiler poultry equipment,trust Huabang Smart","og_description":"Les dimensions courantes des cages de poulets de chair sont de 1,25 m\u00e8tre de long, 1 m\u00e8tre de large et 0,45 m\u00e8tre de haut. Les cages de poulets de chair peuvent \u00eatre personnalis\u00e9es en termes de taille, de sp\u00e9cifications et de nombre de niveaux en fonction de l\u2019emplacement et du type de production, ce qui les rend adapt\u00e9es aux \u00e9levages de poulets de chair et de canards \u00e0 grande \u00e9chelle. Nous disposons de notre propre centre de R&amp;D, capable de concevoir et de produire des cages de diff\u00e9rentes tailles et mod\u00e8les. Nos cadres de cage de poulet de chair sont fabriqu\u00e9s \u00e0 partir de t\u00f4le galvanis\u00e9e de 275 g, form\u00e9e en une seule \u00e9tape \u00e0 l\u2019aide d\u2019un \u00e9quipement de laminage enti\u00e8rement automatis\u00e9 pour prot\u00e9ger efficacement le rev\u00eatement galvanis\u00e9. Le treillis de la cage est galvanis\u00e9 \u00e0 chaud, ce qui lui conf\u00e8re une excellente flexibilit\u00e9, une r\u00e9sistance \u00e0 la flexion et une r\u00e9sistance \u00e0 la corrosion, avec une dur\u00e9e de vie de plus de 20 ans. Les conduites d\u2019eau peuvent \u00eatre carr\u00e9es ou rondes, selon vos besoins. Les abreuvoirs sont des tubes carr\u00e9s effil\u00e9s, avec quatre fournis par s\u00e9rie. Les auges sont en PVC simple face.","og_url":"https:\/\/chickencage.com\/fr\/products\/cage-a-poulet-de-chair\/","og_site_name":"layer chicken cage broiler poultry equipment,trust Huabang Smart","article_publisher":"https:\/\/www.facebook.com\/share\/1AtJU1wzRY\/?mibextid=LQQJ4d","twitter_card":"summary_large_image","twitter_misc":{"Dur\u00e9e de lecture estim\u00e9e":"1 minute"},"schema":{"@context":"https:\/\/schema.org","@graph":[{"@type":"WebPage","@id":"https:\/\/chickencage.com\/fr\/products\/cage-a-poulet-de-chair\/","url":"https:\/\/chickencage.com\/fr\/products\/cage-a-poulet-de-chair\/","name":"Cage \u00e0 poulet de chair - layer chicken cage broiler poultry equipment,trust Huabang Smart","isPartOf":{"@id":"https:\/\/chickencage.com\/fr\/#website"},"datePublished":"2025-07-25T06:56:19+00:00","breadcrumb":{"@id":"https:\/\/chickencage.com\/fr\/products\/cage-a-poulet-de-chair\/#breadcrumb"},"inLanguage":"fr-FR","potentialAction":[{"@type":"ReadAction","target":["https:\/\/chickencage.com\/fr\/products\/cage-a-poulet-de-chair\/"]}]},{"@type":"BreadcrumbList","@id":"https:\/\/chickencage.com\/fr\/products\/cage-a-poulet-de-chair\/#breadcrumb","itemListElement":[{"@type":"ListItem","position":1,"name":"Home","item":"https:\/\/chickencage.com\/fr\/"},{"@type":"ListItem","position":2,"name":"Produits","item":"https:\/\/chickencage.com\/fr\/produits\/"},{"@type":"ListItem","position":3,"name":"Cage \u00e0 poulet de chair"}]},{"@type":"WebSite","@id":"https:\/\/chickencage.com\/fr\/#website","url":"https:\/\/chickencage.com\/fr\/","name":"Huabang Agricultural and Animal Husbandry Machinery","description":"broiler cage, layer chicken cages and poultry equipment, It is a high-tech enterprise in China specializing in the production of high-quality established in 2009","publisher":{"@id":"https:\/\/chickencage.com\/fr\/#organization"},"potentialAction":[{"@type":"SearchAction","target":{"@type":"EntryPoint","urlTemplate":"https:\/\/chickencage.com\/fr\/?s={search_term_string}"},"query-input":{"@type":"PropertyValueSpecification","valueRequired":true,"valueName":"search_term_string"}}],"inLanguage":"fr-FR"},{"@type":"Organization","@id":"https:\/\/chickencage.com\/fr\/#organization","name":"Huabang Agricultural and Animal Husbandry Machinery","url":"https:\/\/chickencage.com\/fr\/","logo":{"@type":"ImageObject","inLanguage":"fr-FR","@id":"https:\/\/chickencage.com\/fr\/#\/schema\/logo\/image\/","url":"https:\/\/i0.wp.com\/chickencage.com\/wp-content\/uploads\/2025\/07\/last-logo.jpg?fit=1500%2C240&ssl=1","contentUrl":"https:\/\/i0.wp.com\/chickencage.com\/wp-content\/uploads\/2025\/07\/last-logo.jpg?fit=1500%2C240&ssl=1","width":1500,"height":240,"caption":"Huabang Agricultural and Animal Husbandry Machinery"},"image":{"@id":"https:\/\/chickencage.com\/fr\/#\/schema\/logo\/image\/"},"sameAs":["https:\/\/www.facebook.com\/share\/1AtJU1wzRY\/?mibextid=LQQJ4d","https:\/\/www.linkedin.cn\/incareer\/in\/yongchao-ge-6a4ba8380"]}]}},"_links":{"self":[{"href":"https:\/\/chickencage.com\/fr\/wp-json\/wp\/v2\/product\/3276","targetHints":{"allow":["GET"]}}],"collection":[{"href":"https:\/\/chickencage.com\/fr\/wp-json\/wp\/v2\/product"}],"about":[{"href":"https:\/\/chickencage.com\/fr\/wp-json\/wp\/v2\/types\/product"}],"replies":[{"embeddable":true,"href":"https:\/\/chickencage.com\/fr\/wp-json\/wp\/v2\/comments?post=3276"}],"version-history":[{"count":0,"href":"https:\/\/chickencage.com\/fr\/wp-json\/wp\/v2\/product\/3276\/revisions"}],"wp:attachment":[{"href":"https:\/\/chickencage.com\/fr\/wp-json\/wp\/v2\/media?parent=3276"}],"wp:term":[{"taxonomy":"product_brand","embeddable":true,"href":"https:\/\/chickencage.com\/fr\/wp-json\/wp\/v2\/product_brand?post=3276"},{"taxonomy":"product_cat","embeddable":true,"href":"https:\/\/chickencage.com\/fr\/wp-json\/wp\/v2\/product_cat?post=3276"},{"taxonomy":"product_tag","embeddable":true,"href":"https:\/\/chickencage.com\/fr\/wp-json\/wp\/v2\/product_tag?post=3276"}],"curies":[{"name":"wp","href":"https:\/\/api.w.org\/{rel}","templated":true}]}}