{"id":3271,"date":"2025-07-25T06:57:39","date_gmt":"2025-07-25T06:57:39","guid":{"rendered":"https:\/\/chickencage.com\/product\/systeme-dalimentation-automatique\/"},"modified":"2025-07-25T06:57:39","modified_gmt":"2025-07-25T06:57:39","slug":"systeme-dalimentation-automatique","status":"publish","type":"product","link":"https:\/\/chickencage.com\/fr\/products\/systeme-dalimentation-automatique\/","title":{"rendered":"Syst\u00e8me d\u2019alimentation automatique"},"content":{"rendered":"<p>Les syst\u00e8mes d\u2019alimentation au sol comprennent un tuyau d\u2019alimentation et une conduite d\u2019eau. Le tuyau d\u2019alimentation est galvanis\u00e9 \u00e0 chaud et la vis sans fin est en acier au mangan\u00e8se \u00e0 haute teneur en carbone. La tr\u00e9mie en forme de V mesure g\u00e9n\u00e9ralement 60 cm x 60 cm et est \u00e9quip\u00e9e d\u2019un motor\u00e9ducteur de 0,75 kW. Le plateau d\u2019alimentation comporte g\u00e9n\u00e9ralement 16 compartiments. La conduite d\u2019eau peut \u00eatre ronde (avec une vanne \u00e0 bille) ou carr\u00e9e (avec une vanne conique). Les abreuvoirs sont de type tasse suspendue, avec quatre par m\u00e8tre. Un filtre est g\u00e9n\u00e9ralement install\u00e9 \u00e0 l\u2019entr\u00e9e d\u2019eau.      <\/p>\n<p>L\u2019alimentation automatique permet d\u2019\u00e9conomiser du temps et des efforts.<\/p>\n","protected":false},"excerpt":{"rendered":"<p>Ce syst\u00e8me intelligent d\u2019\u00e9levage de poulets de chair utilise une technologie d\u2019automatisation avanc\u00e9e pour s\u2019assurer que chaque poulet peut obtenir le meilleur environnement de croissance. Le syst\u00e8me de distribution d\u2019aliments et d\u2019eau fournit automatiquement de la nourriture fra\u00eeche et de l\u2019eau propre pour assurer une alimentation saine au troupeau. Le plancher de poulet en mat\u00e9riau PP est durable et facile \u00e0 nettoyer, ce qui pr\u00e9vient efficacement les maladies. Des syst\u00e8mes de ventilateurs et de rideaux efficaces maintiennent la qualit\u00e9 de l\u2019air et la bonne temp\u00e9rature. Les syst\u00e8mes de contr\u00f4le de l\u2019environnement ajustent les param\u00e8tres cl\u00e9s tels que la temp\u00e9rature et l\u2019humidit\u00e9 en temps r\u00e9el pour assurer une croissance saine du troupeau.    <\/p>\n","protected":false},"featured_media":0,"comment_status":"open","ping_status":"closed","template":"","meta":[],"product_brand":[],"product_cat":[72],"product_tag":[],"class_list":{"0":"post-3271","1":"product","2":"type-product","3":"status-publish","5":"product_cat-uncategorized","7":"first","8":"instock","9":"shipping-taxable","10":"product-type-simple"},"gallery_images":[945,946],"yoast_head":"<!-- This site is optimized with the Yoast SEO plugin v26.2 - https:\/\/yoast.com\/wordpress\/plugins\/seo\/ -->\n<title>Syst\u00e8me d\u2019alimentation automatique - layer chicken cage broiler poultry equipment,trust Huabang Smart<\/title>\n<meta name=\"robots\" content=\"index, follow, max-snippet:-1, max-image-preview:large, max-video-preview:-1\" \/>\n<link rel=\"canonical\" href=\"https:\/\/chickencage.com\/fr\/products\/systeme-dalimentation-automatique\/\" \/>\n<meta property=\"og:locale\" content=\"fr_FR\" \/>\n<meta property=\"og:type\" content=\"article\" \/>\n<meta property=\"og:title\" content=\"Syst\u00e8me d\u2019alimentation automatique - layer chicken cage broiler poultry equipment,trust Huabang Smart\" \/>\n<meta property=\"og:description\" content=\"Ce syst\u00e8me intelligent d\u2019\u00e9levage de poulets de chair utilise une technologie d\u2019automatisation avanc\u00e9e pour s\u2019assurer que chaque poulet peut obtenir le meilleur environnement de croissance. Le syst\u00e8me de distribution d\u2019aliments et d\u2019eau fournit automatiquement de la nourriture fra\u00eeche et de l\u2019eau propre pour assurer une alimentation saine au troupeau. Le plancher de poulet en mat\u00e9riau PP est durable et facile \u00e0 nettoyer, ce qui pr\u00e9vient efficacement les maladies. Des syst\u00e8mes de ventilateurs et de rideaux efficaces maintiennent la qualit\u00e9 de l\u2019air et la bonne temp\u00e9rature. Les syst\u00e8mes de contr\u00f4le de l\u2019environnement ajustent les param\u00e8tres cl\u00e9s tels que la temp\u00e9rature et l\u2019humidit\u00e9 en temps r\u00e9el pour assurer une croissance saine du troupeau.\" \/>\n<meta property=\"og:url\" content=\"https:\/\/chickencage.com\/fr\/products\/systeme-dalimentation-automatique\/\" \/>\n<meta property=\"og:site_name\" content=\"layer chicken cage broiler poultry equipment,trust Huabang Smart\" \/>\n<meta property=\"article:publisher\" content=\"https:\/\/www.facebook.com\/share\/1AtJU1wzRY\/?mibextid=LQQJ4d\" \/>\n<meta name=\"twitter:card\" content=\"summary_large_image\" \/>\n<meta name=\"twitter:label1\" content=\"Dur\u00e9e de lecture estim\u00e9e\" \/>\n\t<meta name=\"twitter:data1\" content=\"1 minute\" \/>\n<script type=\"application\/ld+json\" class=\"yoast-schema-graph\">{\"@context\":\"https:\/\/schema.org\",\"@graph\":[{\"@type\":\"WebPage\",\"@id\":\"https:\/\/chickencage.com\/fr\/products\/systeme-dalimentation-automatique\/\",\"url\":\"https:\/\/chickencage.com\/fr\/products\/systeme-dalimentation-automatique\/\",\"name\":\"Syst\u00e8me d\u2019alimentation automatique - layer chicken cage broiler poultry equipment,trust Huabang Smart\",\"isPartOf\":{\"@id\":\"https:\/\/chickencage.com\/fr\/#website\"},\"datePublished\":\"2025-07-25T06:57:39+00:00\",\"breadcrumb\":{\"@id\":\"https:\/\/chickencage.com\/fr\/products\/systeme-dalimentation-automatique\/#breadcrumb\"},\"inLanguage\":\"fr-FR\",\"potentialAction\":[{\"@type\":\"ReadAction\",\"target\":[\"https:\/\/chickencage.com\/fr\/products\/systeme-dalimentation-automatique\/\"]}]},{\"@type\":\"BreadcrumbList\",\"@id\":\"https:\/\/chickencage.com\/fr\/products\/systeme-dalimentation-automatique\/#breadcrumb\",\"itemListElement\":[{\"@type\":\"ListItem\",\"position\":1,\"name\":\"Home\",\"item\":\"https:\/\/chickencage.com\/fr\/\"},{\"@type\":\"ListItem\",\"position\":2,\"name\":\"Produits\",\"item\":\"https:\/\/chickencage.com\/fr\/produits\/\"},{\"@type\":\"ListItem\",\"position\":3,\"name\":\"Syst\u00e8me d\u2019alimentation automatique\"}]},{\"@type\":\"WebSite\",\"@id\":\"https:\/\/chickencage.com\/fr\/#website\",\"url\":\"https:\/\/chickencage.com\/fr\/\",\"name\":\"Huabang Agricultural and Animal Husbandry Machinery\",\"description\":\"broiler cage, layer chicken cages and poultry equipment, It is a high-tech enterprise in China specializing in the production of high-quality established in 2009\",\"publisher\":{\"@id\":\"https:\/\/chickencage.com\/fr\/#organization\"},\"potentialAction\":[{\"@type\":\"SearchAction\",\"target\":{\"@type\":\"EntryPoint\",\"urlTemplate\":\"https:\/\/chickencage.com\/fr\/?s={search_term_string}\"},\"query-input\":{\"@type\":\"PropertyValueSpecification\",\"valueRequired\":true,\"valueName\":\"search_term_string\"}}],\"inLanguage\":\"fr-FR\"},{\"@type\":\"Organization\",\"@id\":\"https:\/\/chickencage.com\/fr\/#organization\",\"name\":\"Huabang Agricultural and Animal Husbandry Machinery\",\"url\":\"https:\/\/chickencage.com\/fr\/\",\"logo\":{\"@type\":\"ImageObject\",\"inLanguage\":\"fr-FR\",\"@id\":\"https:\/\/chickencage.com\/fr\/#\/schema\/logo\/image\/\",\"url\":\"https:\/\/i0.wp.com\/chickencage.com\/wp-content\/uploads\/2025\/07\/last-logo.jpg?fit=1500%2C240&ssl=1\",\"contentUrl\":\"https:\/\/i0.wp.com\/chickencage.com\/wp-content\/uploads\/2025\/07\/last-logo.jpg?fit=1500%2C240&ssl=1\",\"width\":1500,\"height\":240,\"caption\":\"Huabang Agricultural and Animal Husbandry Machinery\"},\"image\":{\"@id\":\"https:\/\/chickencage.com\/fr\/#\/schema\/logo\/image\/\"},\"sameAs\":[\"https:\/\/www.facebook.com\/share\/1AtJU1wzRY\/?mibextid=LQQJ4d\",\"https:\/\/www.linkedin.cn\/incareer\/in\/yongchao-ge-6a4ba8380\"]}]}<\/script>\n<!-- \/ Yoast SEO plugin. -->","yoast_head_json":{"title":"Syst\u00e8me d\u2019alimentation automatique - layer chicken cage broiler poultry equipment,trust Huabang Smart","robots":{"index":"index","follow":"follow","max-snippet":"max-snippet:-1","max-image-preview":"max-image-preview:large","max-video-preview":"max-video-preview:-1"},"canonical":"https:\/\/chickencage.com\/fr\/products\/systeme-dalimentation-automatique\/","og_locale":"fr_FR","og_type":"article","og_title":"Syst\u00e8me d\u2019alimentation automatique - layer chicken cage broiler poultry equipment,trust Huabang Smart","og_description":"Ce syst\u00e8me intelligent d\u2019\u00e9levage de poulets de chair utilise une technologie d\u2019automatisation avanc\u00e9e pour s\u2019assurer que chaque poulet peut obtenir le meilleur environnement de croissance. Le syst\u00e8me de distribution d\u2019aliments et d\u2019eau fournit automatiquement de la nourriture fra\u00eeche et de l\u2019eau propre pour assurer une alimentation saine au troupeau. Le plancher de poulet en mat\u00e9riau PP est durable et facile \u00e0 nettoyer, ce qui pr\u00e9vient efficacement les maladies. Des syst\u00e8mes de ventilateurs et de rideaux efficaces maintiennent la qualit\u00e9 de l\u2019air et la bonne temp\u00e9rature. Les syst\u00e8mes de contr\u00f4le de l\u2019environnement ajustent les param\u00e8tres cl\u00e9s tels que la temp\u00e9rature et l\u2019humidit\u00e9 en temps r\u00e9el pour assurer une croissance saine du troupeau.","og_url":"https:\/\/chickencage.com\/fr\/products\/systeme-dalimentation-automatique\/","og_site_name":"layer chicken cage broiler poultry equipment,trust Huabang Smart","article_publisher":"https:\/\/www.facebook.com\/share\/1AtJU1wzRY\/?mibextid=LQQJ4d","twitter_card":"summary_large_image","twitter_misc":{"Dur\u00e9e de lecture estim\u00e9e":"1 minute"},"schema":{"@context":"https:\/\/schema.org","@graph":[{"@type":"WebPage","@id":"https:\/\/chickencage.com\/fr\/products\/systeme-dalimentation-automatique\/","url":"https:\/\/chickencage.com\/fr\/products\/systeme-dalimentation-automatique\/","name":"Syst\u00e8me d\u2019alimentation automatique - layer chicken cage broiler poultry equipment,trust Huabang Smart","isPartOf":{"@id":"https:\/\/chickencage.com\/fr\/#website"},"datePublished":"2025-07-25T06:57:39+00:00","breadcrumb":{"@id":"https:\/\/chickencage.com\/fr\/products\/systeme-dalimentation-automatique\/#breadcrumb"},"inLanguage":"fr-FR","potentialAction":[{"@type":"ReadAction","target":["https:\/\/chickencage.com\/fr\/products\/systeme-dalimentation-automatique\/"]}]},{"@type":"BreadcrumbList","@id":"https:\/\/chickencage.com\/fr\/products\/systeme-dalimentation-automatique\/#breadcrumb","itemListElement":[{"@type":"ListItem","position":1,"name":"Home","item":"https:\/\/chickencage.com\/fr\/"},{"@type":"ListItem","position":2,"name":"Produits","item":"https:\/\/chickencage.com\/fr\/produits\/"},{"@type":"ListItem","position":3,"name":"Syst\u00e8me d\u2019alimentation automatique"}]},{"@type":"WebSite","@id":"https:\/\/chickencage.com\/fr\/#website","url":"https:\/\/chickencage.com\/fr\/","name":"Huabang Agricultural and Animal Husbandry Machinery","description":"broiler cage, layer chicken cages and poultry equipment, It is a high-tech enterprise in China specializing in the production of high-quality established in 2009","publisher":{"@id":"https:\/\/chickencage.com\/fr\/#organization"},"potentialAction":[{"@type":"SearchAction","target":{"@type":"EntryPoint","urlTemplate":"https:\/\/chickencage.com\/fr\/?s={search_term_string}"},"query-input":{"@type":"PropertyValueSpecification","valueRequired":true,"valueName":"search_term_string"}}],"inLanguage":"fr-FR"},{"@type":"Organization","@id":"https:\/\/chickencage.com\/fr\/#organization","name":"Huabang Agricultural and Animal Husbandry Machinery","url":"https:\/\/chickencage.com\/fr\/","logo":{"@type":"ImageObject","inLanguage":"fr-FR","@id":"https:\/\/chickencage.com\/fr\/#\/schema\/logo\/image\/","url":"https:\/\/i0.wp.com\/chickencage.com\/wp-content\/uploads\/2025\/07\/last-logo.jpg?fit=1500%2C240&ssl=1","contentUrl":"https:\/\/i0.wp.com\/chickencage.com\/wp-content\/uploads\/2025\/07\/last-logo.jpg?fit=1500%2C240&ssl=1","width":1500,"height":240,"caption":"Huabang Agricultural and Animal Husbandry Machinery"},"image":{"@id":"https:\/\/chickencage.com\/fr\/#\/schema\/logo\/image\/"},"sameAs":["https:\/\/www.facebook.com\/share\/1AtJU1wzRY\/?mibextid=LQQJ4d","https:\/\/www.linkedin.cn\/incareer\/in\/yongchao-ge-6a4ba8380"]}]}},"_links":{"self":[{"href":"https:\/\/chickencage.com\/fr\/wp-json\/wp\/v2\/product\/3271","targetHints":{"allow":["GET"]}}],"collection":[{"href":"https:\/\/chickencage.com\/fr\/wp-json\/wp\/v2\/product"}],"about":[{"href":"https:\/\/chickencage.com\/fr\/wp-json\/wp\/v2\/types\/product"}],"replies":[{"embeddable":true,"href":"https:\/\/chickencage.com\/fr\/wp-json\/wp\/v2\/comments?post=3271"}],"version-history":[{"count":0,"href":"https:\/\/chickencage.com\/fr\/wp-json\/wp\/v2\/product\/3271\/revisions"}],"wp:attachment":[{"href":"https:\/\/chickencage.com\/fr\/wp-json\/wp\/v2\/media?parent=3271"}],"wp:term":[{"taxonomy":"product_brand","embeddable":true,"href":"https:\/\/chickencage.com\/fr\/wp-json\/wp\/v2\/product_brand?post=3271"},{"taxonomy":"product_cat","embeddable":true,"href":"https:\/\/chickencage.com\/fr\/wp-json\/wp\/v2\/product_cat?post=3271"},{"taxonomy":"product_tag","embeddable":true,"href":"https:\/\/chickencage.com\/fr\/wp-json\/wp\/v2\/product_tag?post=3271"}],"curies":[{"name":"wp","href":"https:\/\/api.w.org\/{rel}","templated":true}]}}