{"id":3268,"date":"2025-07-25T06:59:46","date_gmt":"2025-07-25T06:59:46","guid":{"rendered":"https:\/\/chickencage.com\/product\/cage-a-poule-pondeuse\/"},"modified":"2025-07-25T06:59:46","modified_gmt":"2025-07-25T06:59:46","slug":"cage-a-poule-pondeuse","status":"publish","type":"product","link":"https:\/\/chickencage.com\/fr\/products\/cage-a-poule-pondeuse\/","title":{"rendered":"Cage \u00e0 poule pondeuse"},"content":{"rendered":"<p>Les dimensions typiques d\u2019une cage \u00e0 poules sont de 1,2 m\u00e8tre de long et 1,2 m\u00e8tre de large. Nos cages de ponte pr\u00e9sentent une structure bien con\u00e7ue et une construction robuste, ce qui permet d\u2019\u00e9conomiser du temps et des efforts et de lib\u00e9rer les agriculteurs du travail ardu. Ces cages utilisent la galvanisation \u00e0 chaud et, dans des conditions bien ventil\u00e9es, ont une dur\u00e9e de vie de plus de 20 ans. Le cadre de la cage est en plaque d\u2019alliage zinc-aluminium-magn\u00e9sium. Le treillis de la cage est en fil d\u2019alliage zinc-aluminium. Le tuyau d\u2019alimentation en eau peut \u00eatre carr\u00e9 ou rond, et l\u2019abreuvoir est un tuyau carr\u00e9 conique (ensemble de quatre). L\u2019auge est en acier galvanis\u00e9 double face.      <\/p>\n","protected":false},"excerpt":{"rendered":"<p>Nos cages \u00e0 poules pondeuses sont \u00e9quip\u00e9es d\u2019un syst\u00e8me de collecte automatique des \u0153ufs dot\u00e9 d\u2019une technologie de pointe. \u00c0 l\u2019aide de la technologie europ\u00e9enne, la ligne de collecte d\u2019\u0153ufs du milieu transporte automatiquement les \u0153ufs de chaque rang\u00e9e de cages \u00e0 poules vers l\u2019avant du poulailler, chaque couche d\u2019\u0153ufs entrant dans sa propre bo\u00eete de transport d\u2019\u0153ufs. Ensuite, ils sont concentr\u00e9s et transport\u00e9s vers la salle de collecte des \u0153ufs, o\u00f9 les \u0153ufs sont uniform\u00e9ment transport\u00e9s pour la collecte, emp\u00eachant le personnel non autoris\u00e9 d\u2019entrer dans le poulailler et r\u00e9duisant consid\u00e9rablement la propagation des bact\u00e9ries \u00e0 l\u2019int\u00e9rieur. Convient aux grandes, moyennes et petites fermes, am\u00e9liorant consid\u00e9rablement l\u2019automatisation, l\u2019efficacit\u00e9, les \u00e9conomies de main-d\u2019\u0153uvre et r\u00e9duisant les taux de casse des \u0153ufs.   <\/p>\n","protected":false},"featured_media":1331,"comment_status":"open","ping_status":"closed","template":"","meta":[],"product_brand":[],"product_cat":[85],"product_tag":[],"class_list":{"0":"post-3268","1":"product","2":"type-product","3":"status-publish","4":"has-post-thumbnail","6":"product_cat-layer-chicken-cage","8":"first","9":"instock","10":"shipping-taxable","11":"product-type-simple"},"gallery_images":[204,3788,854,4566,853,266,223,219],"yoast_head":"<!-- This site is optimized with the Yoast SEO plugin v26.2 - https:\/\/yoast.com\/wordpress\/plugins\/seo\/ -->\n<title>Cage \u00e0 poule pondeuse - layer chicken cage broiler poultry equipment,trust Huabang Smart<\/title>\n<meta name=\"robots\" content=\"index, follow, max-snippet:-1, max-image-preview:large, max-video-preview:-1\" \/>\n<link rel=\"canonical\" href=\"https:\/\/chickencage.com\/fr\/products\/cage-a-poule-pondeuse\/\" \/>\n<meta property=\"og:locale\" content=\"fr_FR\" \/>\n<meta property=\"og:type\" content=\"article\" \/>\n<meta property=\"og:title\" content=\"Cage \u00e0 poule pondeuse - layer chicken cage broiler poultry equipment,trust Huabang Smart\" \/>\n<meta property=\"og:description\" content=\"Nos cages \u00e0 poules pondeuses sont \u00e9quip\u00e9es d\u2019un syst\u00e8me de collecte automatique des \u0153ufs dot\u00e9 d\u2019une technologie de pointe. \u00c0 l\u2019aide de la technologie europ\u00e9enne, la ligne de collecte d\u2019\u0153ufs du milieu transporte automatiquement les \u0153ufs de chaque rang\u00e9e de cages \u00e0 poules vers l\u2019avant du poulailler, chaque couche d\u2019\u0153ufs entrant dans sa propre bo\u00eete de transport d\u2019\u0153ufs. Ensuite, ils sont concentr\u00e9s et transport\u00e9s vers la salle de collecte des \u0153ufs, o\u00f9 les \u0153ufs sont uniform\u00e9ment transport\u00e9s pour la collecte, emp\u00eachant le personnel non autoris\u00e9 d\u2019entrer dans le poulailler et r\u00e9duisant consid\u00e9rablement la propagation des bact\u00e9ries \u00e0 l\u2019int\u00e9rieur. Convient aux grandes, moyennes et petites fermes, am\u00e9liorant consid\u00e9rablement l\u2019automatisation, l\u2019efficacit\u00e9, les \u00e9conomies de main-d\u2019\u0153uvre et r\u00e9duisant les taux de casse des \u0153ufs.\" \/>\n<meta property=\"og:url\" content=\"https:\/\/chickencage.com\/fr\/products\/cage-a-poule-pondeuse\/\" \/>\n<meta property=\"og:site_name\" content=\"layer chicken cage broiler poultry equipment,trust Huabang Smart\" \/>\n<meta property=\"article:publisher\" content=\"https:\/\/www.facebook.com\/share\/1AtJU1wzRY\/?mibextid=LQQJ4d\" \/>\n<meta property=\"og:image\" content=\"https:\/\/chickencage.com\/wp-content\/uploads\/2025\/07\/Layer-Cage-2-scaled.jpg\" \/>\n\t<meta property=\"og:image:width\" content=\"2560\" \/>\n\t<meta property=\"og:image:height\" content=\"1920\" \/>\n\t<meta property=\"og:image:type\" content=\"image\/jpeg\" \/>\n<meta name=\"twitter:card\" content=\"summary_large_image\" \/>\n<meta name=\"twitter:label1\" content=\"Dur\u00e9e de lecture estim\u00e9e\" \/>\n\t<meta name=\"twitter:data1\" content=\"1 minute\" \/>\n<script type=\"application\/ld+json\" class=\"yoast-schema-graph\">{\"@context\":\"https:\/\/schema.org\",\"@graph\":[{\"@type\":\"WebPage\",\"@id\":\"https:\/\/chickencage.com\/fr\/products\/cage-a-poule-pondeuse\/\",\"url\":\"https:\/\/chickencage.com\/fr\/products\/cage-a-poule-pondeuse\/\",\"name\":\"Cage \u00e0 poule pondeuse - layer chicken cage broiler poultry equipment,trust Huabang Smart\",\"isPartOf\":{\"@id\":\"https:\/\/chickencage.com\/fr\/#website\"},\"primaryImageOfPage\":{\"@id\":\"https:\/\/chickencage.com\/fr\/products\/cage-a-poule-pondeuse\/#primaryimage\"},\"image\":{\"@id\":\"https:\/\/chickencage.com\/fr\/products\/cage-a-poule-pondeuse\/#primaryimage\"},\"thumbnailUrl\":\"https:\/\/i0.wp.com\/chickencage.com\/wp-content\/uploads\/2025\/07\/Layer-Cage-2-scaled.jpg?fit=2560%2C1920&ssl=1\",\"datePublished\":\"2025-07-25T06:59:46+00:00\",\"breadcrumb\":{\"@id\":\"https:\/\/chickencage.com\/fr\/products\/cage-a-poule-pondeuse\/#breadcrumb\"},\"inLanguage\":\"fr-FR\",\"potentialAction\":[{\"@type\":\"ReadAction\",\"target\":[\"https:\/\/chickencage.com\/fr\/products\/cage-a-poule-pondeuse\/\"]}]},{\"@type\":\"ImageObject\",\"inLanguage\":\"fr-FR\",\"@id\":\"https:\/\/chickencage.com\/fr\/products\/cage-a-poule-pondeuse\/#primaryimage\",\"url\":\"https:\/\/i0.wp.com\/chickencage.com\/wp-content\/uploads\/2025\/07\/Layer-Cage-2-scaled.jpg?fit=2560%2C1920&ssl=1\",\"contentUrl\":\"https:\/\/i0.wp.com\/chickencage.com\/wp-content\/uploads\/2025\/07\/Layer-Cage-2-scaled.jpg?fit=2560%2C1920&ssl=1\",\"width\":2560,\"height\":1920},{\"@type\":\"BreadcrumbList\",\"@id\":\"https:\/\/chickencage.com\/fr\/products\/cage-a-poule-pondeuse\/#breadcrumb\",\"itemListElement\":[{\"@type\":\"ListItem\",\"position\":1,\"name\":\"Home\",\"item\":\"https:\/\/chickencage.com\/fr\/\"},{\"@type\":\"ListItem\",\"position\":2,\"name\":\"Produits\",\"item\":\"https:\/\/chickencage.com\/fr\/produits\/\"},{\"@type\":\"ListItem\",\"position\":3,\"name\":\"Cage \u00e0 poule pondeuse\"}]},{\"@type\":\"WebSite\",\"@id\":\"https:\/\/chickencage.com\/fr\/#website\",\"url\":\"https:\/\/chickencage.com\/fr\/\",\"name\":\"Huabang Agricultural and Animal Husbandry Machinery\",\"description\":\"broiler cage, layer chicken cages and poultry equipment, It is a high-tech enterprise in China specializing in the production of high-quality established in 2009\",\"publisher\":{\"@id\":\"https:\/\/chickencage.com\/fr\/#organization\"},\"potentialAction\":[{\"@type\":\"SearchAction\",\"target\":{\"@type\":\"EntryPoint\",\"urlTemplate\":\"https:\/\/chickencage.com\/fr\/?s={search_term_string}\"},\"query-input\":{\"@type\":\"PropertyValueSpecification\",\"valueRequired\":true,\"valueName\":\"search_term_string\"}}],\"inLanguage\":\"fr-FR\"},{\"@type\":\"Organization\",\"@id\":\"https:\/\/chickencage.com\/fr\/#organization\",\"name\":\"Huabang Agricultural and Animal Husbandry Machinery\",\"url\":\"https:\/\/chickencage.com\/fr\/\",\"logo\":{\"@type\":\"ImageObject\",\"inLanguage\":\"fr-FR\",\"@id\":\"https:\/\/chickencage.com\/fr\/#\/schema\/logo\/image\/\",\"url\":\"https:\/\/i0.wp.com\/chickencage.com\/wp-content\/uploads\/2025\/07\/last-logo.jpg?fit=1500%2C240&ssl=1\",\"contentUrl\":\"https:\/\/i0.wp.com\/chickencage.com\/wp-content\/uploads\/2025\/07\/last-logo.jpg?fit=1500%2C240&ssl=1\",\"width\":1500,\"height\":240,\"caption\":\"Huabang Agricultural and Animal Husbandry Machinery\"},\"image\":{\"@id\":\"https:\/\/chickencage.com\/fr\/#\/schema\/logo\/image\/\"},\"sameAs\":[\"https:\/\/www.facebook.com\/share\/1AtJU1wzRY\/?mibextid=LQQJ4d\",\"https:\/\/www.linkedin.cn\/incareer\/in\/yongchao-ge-6a4ba8380\"]}]}<\/script>\n<!-- \/ Yoast SEO plugin. -->","yoast_head_json":{"title":"Cage \u00e0 poule pondeuse - layer chicken cage broiler poultry equipment,trust Huabang Smart","robots":{"index":"index","follow":"follow","max-snippet":"max-snippet:-1","max-image-preview":"max-image-preview:large","max-video-preview":"max-video-preview:-1"},"canonical":"https:\/\/chickencage.com\/fr\/products\/cage-a-poule-pondeuse\/","og_locale":"fr_FR","og_type":"article","og_title":"Cage \u00e0 poule pondeuse - layer chicken cage broiler poultry equipment,trust Huabang Smart","og_description":"Nos cages \u00e0 poules pondeuses sont \u00e9quip\u00e9es d\u2019un syst\u00e8me de collecte automatique des \u0153ufs dot\u00e9 d\u2019une technologie de pointe. \u00c0 l\u2019aide de la technologie europ\u00e9enne, la ligne de collecte d\u2019\u0153ufs du milieu transporte automatiquement les \u0153ufs de chaque rang\u00e9e de cages \u00e0 poules vers l\u2019avant du poulailler, chaque couche d\u2019\u0153ufs entrant dans sa propre bo\u00eete de transport d\u2019\u0153ufs. Ensuite, ils sont concentr\u00e9s et transport\u00e9s vers la salle de collecte des \u0153ufs, o\u00f9 les \u0153ufs sont uniform\u00e9ment transport\u00e9s pour la collecte, emp\u00eachant le personnel non autoris\u00e9 d\u2019entrer dans le poulailler et r\u00e9duisant consid\u00e9rablement la propagation des bact\u00e9ries \u00e0 l\u2019int\u00e9rieur. Convient aux grandes, moyennes et petites fermes, am\u00e9liorant consid\u00e9rablement l\u2019automatisation, l\u2019efficacit\u00e9, les \u00e9conomies de main-d\u2019\u0153uvre et r\u00e9duisant les taux de casse des \u0153ufs.","og_url":"https:\/\/chickencage.com\/fr\/products\/cage-a-poule-pondeuse\/","og_site_name":"layer chicken cage broiler poultry equipment,trust Huabang Smart","article_publisher":"https:\/\/www.facebook.com\/share\/1AtJU1wzRY\/?mibextid=LQQJ4d","og_image":[{"width":2560,"height":1920,"url":"https:\/\/chickencage.com\/wp-content\/uploads\/2025\/07\/Layer-Cage-2-scaled.jpg","type":"image\/jpeg"}],"twitter_card":"summary_large_image","twitter_misc":{"Dur\u00e9e de lecture estim\u00e9e":"1 minute"},"schema":{"@context":"https:\/\/schema.org","@graph":[{"@type":"WebPage","@id":"https:\/\/chickencage.com\/fr\/products\/cage-a-poule-pondeuse\/","url":"https:\/\/chickencage.com\/fr\/products\/cage-a-poule-pondeuse\/","name":"Cage \u00e0 poule pondeuse - layer chicken cage broiler poultry equipment,trust Huabang Smart","isPartOf":{"@id":"https:\/\/chickencage.com\/fr\/#website"},"primaryImageOfPage":{"@id":"https:\/\/chickencage.com\/fr\/products\/cage-a-poule-pondeuse\/#primaryimage"},"image":{"@id":"https:\/\/chickencage.com\/fr\/products\/cage-a-poule-pondeuse\/#primaryimage"},"thumbnailUrl":"https:\/\/i0.wp.com\/chickencage.com\/wp-content\/uploads\/2025\/07\/Layer-Cage-2-scaled.jpg?fit=2560%2C1920&ssl=1","datePublished":"2025-07-25T06:59:46+00:00","breadcrumb":{"@id":"https:\/\/chickencage.com\/fr\/products\/cage-a-poule-pondeuse\/#breadcrumb"},"inLanguage":"fr-FR","potentialAction":[{"@type":"ReadAction","target":["https:\/\/chickencage.com\/fr\/products\/cage-a-poule-pondeuse\/"]}]},{"@type":"ImageObject","inLanguage":"fr-FR","@id":"https:\/\/chickencage.com\/fr\/products\/cage-a-poule-pondeuse\/#primaryimage","url":"https:\/\/i0.wp.com\/chickencage.com\/wp-content\/uploads\/2025\/07\/Layer-Cage-2-scaled.jpg?fit=2560%2C1920&ssl=1","contentUrl":"https:\/\/i0.wp.com\/chickencage.com\/wp-content\/uploads\/2025\/07\/Layer-Cage-2-scaled.jpg?fit=2560%2C1920&ssl=1","width":2560,"height":1920},{"@type":"BreadcrumbList","@id":"https:\/\/chickencage.com\/fr\/products\/cage-a-poule-pondeuse\/#breadcrumb","itemListElement":[{"@type":"ListItem","position":1,"name":"Home","item":"https:\/\/chickencage.com\/fr\/"},{"@type":"ListItem","position":2,"name":"Produits","item":"https:\/\/chickencage.com\/fr\/produits\/"},{"@type":"ListItem","position":3,"name":"Cage \u00e0 poule pondeuse"}]},{"@type":"WebSite","@id":"https:\/\/chickencage.com\/fr\/#website","url":"https:\/\/chickencage.com\/fr\/","name":"Huabang Agricultural and Animal Husbandry Machinery","description":"broiler cage, layer chicken cages and poultry equipment, It is a high-tech enterprise in China specializing in the production of high-quality established in 2009","publisher":{"@id":"https:\/\/chickencage.com\/fr\/#organization"},"potentialAction":[{"@type":"SearchAction","target":{"@type":"EntryPoint","urlTemplate":"https:\/\/chickencage.com\/fr\/?s={search_term_string}"},"query-input":{"@type":"PropertyValueSpecification","valueRequired":true,"valueName":"search_term_string"}}],"inLanguage":"fr-FR"},{"@type":"Organization","@id":"https:\/\/chickencage.com\/fr\/#organization","name":"Huabang Agricultural and Animal Husbandry Machinery","url":"https:\/\/chickencage.com\/fr\/","logo":{"@type":"ImageObject","inLanguage":"fr-FR","@id":"https:\/\/chickencage.com\/fr\/#\/schema\/logo\/image\/","url":"https:\/\/i0.wp.com\/chickencage.com\/wp-content\/uploads\/2025\/07\/last-logo.jpg?fit=1500%2C240&ssl=1","contentUrl":"https:\/\/i0.wp.com\/chickencage.com\/wp-content\/uploads\/2025\/07\/last-logo.jpg?fit=1500%2C240&ssl=1","width":1500,"height":240,"caption":"Huabang Agricultural and Animal Husbandry Machinery"},"image":{"@id":"https:\/\/chickencage.com\/fr\/#\/schema\/logo\/image\/"},"sameAs":["https:\/\/www.facebook.com\/share\/1AtJU1wzRY\/?mibextid=LQQJ4d","https:\/\/www.linkedin.cn\/incareer\/in\/yongchao-ge-6a4ba8380"]}]}},"_links":{"self":[{"href":"https:\/\/chickencage.com\/fr\/wp-json\/wp\/v2\/product\/3268","targetHints":{"allow":["GET"]}}],"collection":[{"href":"https:\/\/chickencage.com\/fr\/wp-json\/wp\/v2\/product"}],"about":[{"href":"https:\/\/chickencage.com\/fr\/wp-json\/wp\/v2\/types\/product"}],"replies":[{"embeddable":true,"href":"https:\/\/chickencage.com\/fr\/wp-json\/wp\/v2\/comments?post=3268"}],"version-history":[{"count":0,"href":"https:\/\/chickencage.com\/fr\/wp-json\/wp\/v2\/product\/3268\/revisions"}],"wp:featuredmedia":[{"embeddable":true,"href":"https:\/\/chickencage.com\/fr\/wp-json\/wp\/v2\/media\/1331"}],"wp:attachment":[{"href":"https:\/\/chickencage.com\/fr\/wp-json\/wp\/v2\/media?parent=3268"}],"wp:term":[{"taxonomy":"product_brand","embeddable":true,"href":"https:\/\/chickencage.com\/fr\/wp-json\/wp\/v2\/product_brand?post=3268"},{"taxonomy":"product_cat","embeddable":true,"href":"https:\/\/chickencage.com\/fr\/wp-json\/wp\/v2\/product_cat?post=3268"},{"taxonomy":"product_tag","embeddable":true,"href":"https:\/\/chickencage.com\/fr\/wp-json\/wp\/v2\/product_tag?post=3268"}],"curies":[{"name":"wp","href":"https:\/\/api.w.org\/{rel}","templated":true}]}}