{"id":3277,"date":"2025-07-25T06:56:19","date_gmt":"2025-07-25T06:56:19","guid":{"rendered":"https:\/\/chickencage.com\/product\/jaula-para-pollos-de-engorde\/"},"modified":"2025-07-25T06:56:19","modified_gmt":"2025-07-25T06:56:19","slug":"jaula-para-pollos-de-engorde","status":"publish","type":"product","link":"https:\/\/chickencage.com\/es\/products\/jaula-para-pollos-de-engorde\/","title":{"rendered":"Jaula para pollos de engorde"},"content":{"rendered":"<p>Los animales criados en jaulas ahorran alrededor del 50% de la tierra en comparaci\u00f3n con los animales criados en libertad. La gesti\u00f3n centralizada puede ahorrar energ\u00eda y recursos, reducir costos y disminuir la incidencia de enfermedades. Y el dise\u00f1o \u00fanico de la puerta de la jaula (nueva puerta de resorte) puede evitar eficazmente que la cabeza del pollo se balancee hacia arriba y hacia abajo mientras come, desperdiciando alimento.  <\/p>\n<p>Nuestras jaulas para pollos de engorde cuentan con sistemas totalmente automatizados, incluidos sistemas autom\u00e1ticos de alimentaci\u00f3n y bebida, lo que garantiza que cada pollo tenga una absorci\u00f3n adecuada. Adem\u00e1s, el sistema autom\u00e1tico de limpieza de la cama puede minimizar las emisiones de amon\u00edaco en el gallinero. La cortina de agua puede ajustar la temperatura para mejorar la calidad del aire y proporcionar un entorno de vida limpio para los pollitos. El alto flujo de aire y la alta eficiencia operativa del ventilador se pueden personalizar de acuerdo con los requisitos. El avanzado sistema de control ambiental puede proporcionar un ambiente ideal con temperatura y humedad constantes para los pollos.    <\/p>\n","protected":false},"excerpt":{"rendered":"<p>Las dimensiones comunes de las jaulas de pollos de engorde son 1,25 metros de largo, 1 metro de ancho y 0,45 metros de alto. Las jaulas para pollos de engorde se pueden personalizar en tama\u00f1o, especificaciones y n\u00famero de niveles seg\u00fan la ubicaci\u00f3n y el tipo de producci\u00f3n, lo que las hace adecuadas para granjas de pollos de engorde y patos a gran escala. Contamos con nuestro propio centro de investigaci\u00f3n y desarrollo, capaz de dise\u00f1ar y producir jaulas de varios tama\u00f1os y modelos. Nuestros marcos de jaula para pollos de engorde est\u00e1n construidos con chapa galvanizada de 275 g, formada en un solo paso utilizando un equipo de laminaci\u00f3n totalmente automatizado para proteger eficazmente el recubrimiento galvanizado. La malla de la jaula est\u00e1 galvanizada en caliente, lo que da como resultado una excelente flexibilidad, resistencia a la flexi\u00f3n y resistencia a la corrosi\u00f3n, con una vida \u00fatil de m\u00e1s de 20 a\u00f1os. Las tuber\u00edas de agua pueden ser cuadradas o redondas, seg\u00fan sus necesidades. Los bebederos son tubos cuadrados c\u00f3nicos, con cuatro por juego. Los comederos son de PVC de una sola cara.       <\/p>\n","protected":false},"featured_media":0,"comment_status":"open","ping_status":"closed","template":"","meta":[],"product_brand":[],"product_cat":[76],"product_tag":[],"class_list":{"0":"post-3277","1":"product","2":"type-product","3":"status-publish","5":"product_cat-uncategorized","7":"first","8":"instock","9":"shipping-taxable","10":"product-type-simple"},"gallery_images":[942,943],"yoast_head":"<!-- This site is optimized with the Yoast SEO plugin v26.2 - https:\/\/yoast.com\/wordpress\/plugins\/seo\/ -->\n<title>Jaula para pollos de engorde - layer chicken cage broiler poultry equipment,trust Huabang Smart<\/title>\n<meta name=\"robots\" content=\"index, follow, max-snippet:-1, max-image-preview:large, max-video-preview:-1\" \/>\n<link rel=\"canonical\" href=\"https:\/\/chickencage.com\/es\/products\/jaula-para-pollos-de-engorde\/\" \/>\n<meta property=\"og:locale\" content=\"es_ES\" \/>\n<meta property=\"og:type\" content=\"article\" \/>\n<meta property=\"og:title\" content=\"Jaula para pollos de engorde - layer chicken cage broiler poultry equipment,trust Huabang Smart\" \/>\n<meta property=\"og:description\" content=\"Las dimensiones comunes de las jaulas de pollos de engorde son 1,25 metros de largo, 1 metro de ancho y 0,45 metros de alto. Las jaulas para pollos de engorde se pueden personalizar en tama\u00f1o, especificaciones y n\u00famero de niveles seg\u00fan la ubicaci\u00f3n y el tipo de producci\u00f3n, lo que las hace adecuadas para granjas de pollos de engorde y patos a gran escala. Contamos con nuestro propio centro de investigaci\u00f3n y desarrollo, capaz de dise\u00f1ar y producir jaulas de varios tama\u00f1os y modelos. Nuestros marcos de jaula para pollos de engorde est\u00e1n construidos con chapa galvanizada de 275 g, formada en un solo paso utilizando un equipo de laminaci\u00f3n totalmente automatizado para proteger eficazmente el recubrimiento galvanizado. La malla de la jaula est\u00e1 galvanizada en caliente, lo que da como resultado una excelente flexibilidad, resistencia a la flexi\u00f3n y resistencia a la corrosi\u00f3n, con una vida \u00fatil de m\u00e1s de 20 a\u00f1os. Las tuber\u00edas de agua pueden ser cuadradas o redondas, seg\u00fan sus necesidades. Los bebederos son tubos cuadrados c\u00f3nicos, con cuatro por juego. Los comederos son de PVC de una sola cara.\" \/>\n<meta property=\"og:url\" content=\"https:\/\/chickencage.com\/es\/products\/jaula-para-pollos-de-engorde\/\" \/>\n<meta property=\"og:site_name\" content=\"layer chicken cage broiler poultry equipment,trust Huabang Smart\" \/>\n<meta property=\"article:publisher\" content=\"https:\/\/www.facebook.com\/share\/1AtJU1wzRY\/?mibextid=LQQJ4d\" \/>\n<meta name=\"twitter:card\" content=\"summary_large_image\" \/>\n<meta name=\"twitter:label1\" content=\"Tiempo de lectura\" \/>\n\t<meta name=\"twitter:data1\" content=\"1 minuto\" \/>\n<script type=\"application\/ld+json\" class=\"yoast-schema-graph\">{\"@context\":\"https:\/\/schema.org\",\"@graph\":[{\"@type\":\"WebPage\",\"@id\":\"https:\/\/chickencage.com\/es\/products\/jaula-para-pollos-de-engorde\/\",\"url\":\"https:\/\/chickencage.com\/es\/products\/jaula-para-pollos-de-engorde\/\",\"name\":\"Jaula para pollos de engorde - layer chicken cage broiler poultry equipment,trust Huabang Smart\",\"isPartOf\":{\"@id\":\"https:\/\/chickencage.com\/es\/#website\"},\"datePublished\":\"2025-07-25T06:56:19+00:00\",\"breadcrumb\":{\"@id\":\"https:\/\/chickencage.com\/es\/products\/jaula-para-pollos-de-engorde\/#breadcrumb\"},\"inLanguage\":\"es\",\"potentialAction\":[{\"@type\":\"ReadAction\",\"target\":[\"https:\/\/chickencage.com\/es\/products\/jaula-para-pollos-de-engorde\/\"]}]},{\"@type\":\"BreadcrumbList\",\"@id\":\"https:\/\/chickencage.com\/es\/products\/jaula-para-pollos-de-engorde\/#breadcrumb\",\"itemListElement\":[{\"@type\":\"ListItem\",\"position\":1,\"name\":\"Home\",\"item\":\"https:\/\/chickencage.com\/es\/\"},{\"@type\":\"ListItem\",\"position\":2,\"name\":\"Productos\",\"item\":\"https:\/\/chickencage.com\/es\/productos\/\"},{\"@type\":\"ListItem\",\"position\":3,\"name\":\"Jaula para pollos de engorde\"}]},{\"@type\":\"WebSite\",\"@id\":\"https:\/\/chickencage.com\/es\/#website\",\"url\":\"https:\/\/chickencage.com\/es\/\",\"name\":\"Huabang Agricultural and Animal Husbandry Machinery\",\"description\":\"broiler cage, layer chicken cages and poultry equipment, It is a high-tech enterprise in China specializing in the production of high-quality established in 2009\",\"publisher\":{\"@id\":\"https:\/\/chickencage.com\/es\/#organization\"},\"potentialAction\":[{\"@type\":\"SearchAction\",\"target\":{\"@type\":\"EntryPoint\",\"urlTemplate\":\"https:\/\/chickencage.com\/es\/?s={search_term_string}\"},\"query-input\":{\"@type\":\"PropertyValueSpecification\",\"valueRequired\":true,\"valueName\":\"search_term_string\"}}],\"inLanguage\":\"es\"},{\"@type\":\"Organization\",\"@id\":\"https:\/\/chickencage.com\/es\/#organization\",\"name\":\"Huabang Agricultural and Animal Husbandry Machinery\",\"url\":\"https:\/\/chickencage.com\/es\/\",\"logo\":{\"@type\":\"ImageObject\",\"inLanguage\":\"es\",\"@id\":\"https:\/\/chickencage.com\/es\/#\/schema\/logo\/image\/\",\"url\":\"https:\/\/i0.wp.com\/chickencage.com\/wp-content\/uploads\/2025\/07\/last-logo.jpg?fit=1500%2C240&ssl=1\",\"contentUrl\":\"https:\/\/i0.wp.com\/chickencage.com\/wp-content\/uploads\/2025\/07\/last-logo.jpg?fit=1500%2C240&ssl=1\",\"width\":1500,\"height\":240,\"caption\":\"Huabang Agricultural and Animal Husbandry Machinery\"},\"image\":{\"@id\":\"https:\/\/chickencage.com\/es\/#\/schema\/logo\/image\/\"},\"sameAs\":[\"https:\/\/www.facebook.com\/share\/1AtJU1wzRY\/?mibextid=LQQJ4d\",\"https:\/\/www.linkedin.cn\/incareer\/in\/yongchao-ge-6a4ba8380\"]}]}<\/script>\n<!-- \/ Yoast SEO plugin. -->","yoast_head_json":{"title":"Jaula para pollos de engorde - layer chicken cage broiler poultry equipment,trust Huabang Smart","robots":{"index":"index","follow":"follow","max-snippet":"max-snippet:-1","max-image-preview":"max-image-preview:large","max-video-preview":"max-video-preview:-1"},"canonical":"https:\/\/chickencage.com\/es\/products\/jaula-para-pollos-de-engorde\/","og_locale":"es_ES","og_type":"article","og_title":"Jaula para pollos de engorde - layer chicken cage broiler poultry equipment,trust Huabang Smart","og_description":"Las dimensiones comunes de las jaulas de pollos de engorde son 1,25 metros de largo, 1 metro de ancho y 0,45 metros de alto. Las jaulas para pollos de engorde se pueden personalizar en tama\u00f1o, especificaciones y n\u00famero de niveles seg\u00fan la ubicaci\u00f3n y el tipo de producci\u00f3n, lo que las hace adecuadas para granjas de pollos de engorde y patos a gran escala. Contamos con nuestro propio centro de investigaci\u00f3n y desarrollo, capaz de dise\u00f1ar y producir jaulas de varios tama\u00f1os y modelos. Nuestros marcos de jaula para pollos de engorde est\u00e1n construidos con chapa galvanizada de 275 g, formada en un solo paso utilizando un equipo de laminaci\u00f3n totalmente automatizado para proteger eficazmente el recubrimiento galvanizado. La malla de la jaula est\u00e1 galvanizada en caliente, lo que da como resultado una excelente flexibilidad, resistencia a la flexi\u00f3n y resistencia a la corrosi\u00f3n, con una vida \u00fatil de m\u00e1s de 20 a\u00f1os. Las tuber\u00edas de agua pueden ser cuadradas o redondas, seg\u00fan sus necesidades. Los bebederos son tubos cuadrados c\u00f3nicos, con cuatro por juego. Los comederos son de PVC de una sola cara.","og_url":"https:\/\/chickencage.com\/es\/products\/jaula-para-pollos-de-engorde\/","og_site_name":"layer chicken cage broiler poultry equipment,trust Huabang Smart","article_publisher":"https:\/\/www.facebook.com\/share\/1AtJU1wzRY\/?mibextid=LQQJ4d","twitter_card":"summary_large_image","twitter_misc":{"Tiempo de lectura":"1 minuto"},"schema":{"@context":"https:\/\/schema.org","@graph":[{"@type":"WebPage","@id":"https:\/\/chickencage.com\/es\/products\/jaula-para-pollos-de-engorde\/","url":"https:\/\/chickencage.com\/es\/products\/jaula-para-pollos-de-engorde\/","name":"Jaula para pollos de engorde - layer chicken cage broiler poultry equipment,trust Huabang Smart","isPartOf":{"@id":"https:\/\/chickencage.com\/es\/#website"},"datePublished":"2025-07-25T06:56:19+00:00","breadcrumb":{"@id":"https:\/\/chickencage.com\/es\/products\/jaula-para-pollos-de-engorde\/#breadcrumb"},"inLanguage":"es","potentialAction":[{"@type":"ReadAction","target":["https:\/\/chickencage.com\/es\/products\/jaula-para-pollos-de-engorde\/"]}]},{"@type":"BreadcrumbList","@id":"https:\/\/chickencage.com\/es\/products\/jaula-para-pollos-de-engorde\/#breadcrumb","itemListElement":[{"@type":"ListItem","position":1,"name":"Home","item":"https:\/\/chickencage.com\/es\/"},{"@type":"ListItem","position":2,"name":"Productos","item":"https:\/\/chickencage.com\/es\/productos\/"},{"@type":"ListItem","position":3,"name":"Jaula para pollos de engorde"}]},{"@type":"WebSite","@id":"https:\/\/chickencage.com\/es\/#website","url":"https:\/\/chickencage.com\/es\/","name":"Huabang Agricultural and Animal Husbandry Machinery","description":"broiler cage, layer chicken cages and poultry equipment, It is a high-tech enterprise in China specializing in the production of high-quality established in 2009","publisher":{"@id":"https:\/\/chickencage.com\/es\/#organization"},"potentialAction":[{"@type":"SearchAction","target":{"@type":"EntryPoint","urlTemplate":"https:\/\/chickencage.com\/es\/?s={search_term_string}"},"query-input":{"@type":"PropertyValueSpecification","valueRequired":true,"valueName":"search_term_string"}}],"inLanguage":"es"},{"@type":"Organization","@id":"https:\/\/chickencage.com\/es\/#organization","name":"Huabang Agricultural and Animal Husbandry Machinery","url":"https:\/\/chickencage.com\/es\/","logo":{"@type":"ImageObject","inLanguage":"es","@id":"https:\/\/chickencage.com\/es\/#\/schema\/logo\/image\/","url":"https:\/\/i0.wp.com\/chickencage.com\/wp-content\/uploads\/2025\/07\/last-logo.jpg?fit=1500%2C240&ssl=1","contentUrl":"https:\/\/i0.wp.com\/chickencage.com\/wp-content\/uploads\/2025\/07\/last-logo.jpg?fit=1500%2C240&ssl=1","width":1500,"height":240,"caption":"Huabang Agricultural and Animal Husbandry Machinery"},"image":{"@id":"https:\/\/chickencage.com\/es\/#\/schema\/logo\/image\/"},"sameAs":["https:\/\/www.facebook.com\/share\/1AtJU1wzRY\/?mibextid=LQQJ4d","https:\/\/www.linkedin.cn\/incareer\/in\/yongchao-ge-6a4ba8380"]}]}},"_links":{"self":[{"href":"https:\/\/chickencage.com\/es\/wp-json\/wp\/v2\/product\/3277","targetHints":{"allow":["GET"]}}],"collection":[{"href":"https:\/\/chickencage.com\/es\/wp-json\/wp\/v2\/product"}],"about":[{"href":"https:\/\/chickencage.com\/es\/wp-json\/wp\/v2\/types\/product"}],"replies":[{"embeddable":true,"href":"https:\/\/chickencage.com\/es\/wp-json\/wp\/v2\/comments?post=3277"}],"version-history":[{"count":0,"href":"https:\/\/chickencage.com\/es\/wp-json\/wp\/v2\/product\/3277\/revisions"}],"wp:attachment":[{"href":"https:\/\/chickencage.com\/es\/wp-json\/wp\/v2\/media?parent=3277"}],"wp:term":[{"taxonomy":"product_brand","embeddable":true,"href":"https:\/\/chickencage.com\/es\/wp-json\/wp\/v2\/product_brand?post=3277"},{"taxonomy":"product_cat","embeddable":true,"href":"https:\/\/chickencage.com\/es\/wp-json\/wp\/v2\/product_cat?post=3277"},{"taxonomy":"product_tag","embeddable":true,"href":"https:\/\/chickencage.com\/es\/wp-json\/wp\/v2\/product_tag?post=3277"}],"curies":[{"name":"wp","href":"https:\/\/api.w.org\/{rel}","templated":true}]}}