{"id":3273,"date":"2025-07-25T06:57:39","date_gmt":"2025-07-25T06:57:39","guid":{"rendered":"https:\/\/chickencage.com\/product\/sistema-de-alimentacion-automatico\/"},"modified":"2025-07-25T06:57:39","modified_gmt":"2025-07-25T06:57:39","slug":"sistema-de-alimentacion-automatico","status":"publish","type":"product","link":"https:\/\/chickencage.com\/es\/products\/sistema-de-alimentacion-automatico\/","title":{"rendered":"Sistema de alimentaci\u00f3n autom\u00e1tico"},"content":{"rendered":"<p>Los sistemas de alimentaci\u00f3n de suelo incluyen una tuber\u00eda de alimentaci\u00f3n y una tuber\u00eda de agua. La tuber\u00eda de alimentaci\u00f3n est\u00e1 galvanizada en caliente y la barrena est\u00e1 hecha de acero al manganeso con alto contenido de carbono. La tolva en forma de V suele ser de 60 cm x 60 cm y est\u00e1 equipada con un motorreductor de 0,75 kW. La bandeja de alimentaci\u00f3n suele tener 16 compartimentos. La tuber\u00eda de agua puede ser redonda (con v\u00e1lvula de bola) o cuadrada (con v\u00e1lvula c\u00f3nica). Los bebederos son de tipo taza colgante, con cuatro por metro. Por lo general, se instala un filtro en la entrada de agua.      <\/p>\n<p>La alimentaci\u00f3n autom\u00e1tica ahorra tiempo y esfuerzo.<\/p>\n","protected":false},"excerpt":{"rendered":"<p>Este sistema inteligente de cr\u00eda de pollos de engorde utiliza tecnolog\u00eda de automatizaci\u00f3n avanzada para garantizar que cada pollo pueda obtener el mejor entorno de crecimiento. El sistema de l\u00ednea de alimentaci\u00f3n y agua proporciona autom\u00e1ticamente alimentos frescos y agua limpia para garantizar una dieta saludable para la parvada. El piso de pollo hecho de material PP es duradero y f\u00e1cil de limpiar, lo que previene enfermedades de manera eficiente. Los sistemas eficientes de ventiladores y cortinas mantienen la calidad del aire y la temperatura adecuada. Mientras que los sistemas de control ambiental ajustan par\u00e1metros clave como la temperatura y la humedad en tiempo real para garantizar el crecimiento saludable de la parvada.    <\/p>\n","protected":false},"featured_media":0,"comment_status":"open","ping_status":"closed","template":"","meta":[],"product_brand":[],"product_cat":[76],"product_tag":[],"class_list":{"0":"post-3273","1":"product","2":"type-product","3":"status-publish","5":"product_cat-uncategorized","7":"first","8":"instock","9":"shipping-taxable","10":"product-type-simple"},"gallery_images":[945,946],"yoast_head":"<!-- This site is optimized with the Yoast SEO plugin v26.2 - https:\/\/yoast.com\/wordpress\/plugins\/seo\/ -->\n<title>Sistema de alimentaci\u00f3n autom\u00e1tico - layer chicken cage broiler poultry equipment,trust Huabang Smart<\/title>\n<meta name=\"robots\" content=\"index, follow, max-snippet:-1, max-image-preview:large, max-video-preview:-1\" \/>\n<link rel=\"canonical\" href=\"https:\/\/chickencage.com\/es\/products\/sistema-de-alimentacion-automatico\/\" \/>\n<meta property=\"og:locale\" content=\"es_ES\" \/>\n<meta property=\"og:type\" content=\"article\" \/>\n<meta property=\"og:title\" content=\"Sistema de alimentaci\u00f3n autom\u00e1tico - layer chicken cage broiler poultry equipment,trust Huabang Smart\" \/>\n<meta property=\"og:description\" content=\"Este sistema inteligente de cr\u00eda de pollos de engorde utiliza tecnolog\u00eda de automatizaci\u00f3n avanzada para garantizar que cada pollo pueda obtener el mejor entorno de crecimiento. El sistema de l\u00ednea de alimentaci\u00f3n y agua proporciona autom\u00e1ticamente alimentos frescos y agua limpia para garantizar una dieta saludable para la parvada. El piso de pollo hecho de material PP es duradero y f\u00e1cil de limpiar, lo que previene enfermedades de manera eficiente. Los sistemas eficientes de ventiladores y cortinas mantienen la calidad del aire y la temperatura adecuada. Mientras que los sistemas de control ambiental ajustan par\u00e1metros clave como la temperatura y la humedad en tiempo real para garantizar el crecimiento saludable de la parvada.\" \/>\n<meta property=\"og:url\" content=\"https:\/\/chickencage.com\/es\/products\/sistema-de-alimentacion-automatico\/\" \/>\n<meta property=\"og:site_name\" content=\"layer chicken cage broiler poultry equipment,trust Huabang Smart\" \/>\n<meta property=\"article:publisher\" content=\"https:\/\/www.facebook.com\/share\/1AtJU1wzRY\/?mibextid=LQQJ4d\" \/>\n<meta name=\"twitter:card\" content=\"summary_large_image\" \/>\n<meta name=\"twitter:label1\" content=\"Tiempo de lectura\" \/>\n\t<meta name=\"twitter:data1\" content=\"1 minuto\" \/>\n<script type=\"application\/ld+json\" class=\"yoast-schema-graph\">{\"@context\":\"https:\/\/schema.org\",\"@graph\":[{\"@type\":\"WebPage\",\"@id\":\"https:\/\/chickencage.com\/es\/products\/sistema-de-alimentacion-automatico\/\",\"url\":\"https:\/\/chickencage.com\/es\/products\/sistema-de-alimentacion-automatico\/\",\"name\":\"Sistema de alimentaci\u00f3n autom\u00e1tico - layer chicken cage broiler poultry equipment,trust Huabang Smart\",\"isPartOf\":{\"@id\":\"https:\/\/chickencage.com\/es\/#website\"},\"datePublished\":\"2025-07-25T06:57:39+00:00\",\"breadcrumb\":{\"@id\":\"https:\/\/chickencage.com\/es\/products\/sistema-de-alimentacion-automatico\/#breadcrumb\"},\"inLanguage\":\"es\",\"potentialAction\":[{\"@type\":\"ReadAction\",\"target\":[\"https:\/\/chickencage.com\/es\/products\/sistema-de-alimentacion-automatico\/\"]}]},{\"@type\":\"BreadcrumbList\",\"@id\":\"https:\/\/chickencage.com\/es\/products\/sistema-de-alimentacion-automatico\/#breadcrumb\",\"itemListElement\":[{\"@type\":\"ListItem\",\"position\":1,\"name\":\"Home\",\"item\":\"https:\/\/chickencage.com\/es\/\"},{\"@type\":\"ListItem\",\"position\":2,\"name\":\"Productos\",\"item\":\"https:\/\/chickencage.com\/es\/productos\/\"},{\"@type\":\"ListItem\",\"position\":3,\"name\":\"Sistema de alimentaci\u00f3n autom\u00e1tico\"}]},{\"@type\":\"WebSite\",\"@id\":\"https:\/\/chickencage.com\/es\/#website\",\"url\":\"https:\/\/chickencage.com\/es\/\",\"name\":\"Huabang Agricultural and Animal Husbandry Machinery\",\"description\":\"broiler cage, layer chicken cages and poultry equipment, It is a high-tech enterprise in China specializing in the production of high-quality established in 2009\",\"publisher\":{\"@id\":\"https:\/\/chickencage.com\/es\/#organization\"},\"potentialAction\":[{\"@type\":\"SearchAction\",\"target\":{\"@type\":\"EntryPoint\",\"urlTemplate\":\"https:\/\/chickencage.com\/es\/?s={search_term_string}\"},\"query-input\":{\"@type\":\"PropertyValueSpecification\",\"valueRequired\":true,\"valueName\":\"search_term_string\"}}],\"inLanguage\":\"es\"},{\"@type\":\"Organization\",\"@id\":\"https:\/\/chickencage.com\/es\/#organization\",\"name\":\"Huabang Agricultural and Animal Husbandry Machinery\",\"url\":\"https:\/\/chickencage.com\/es\/\",\"logo\":{\"@type\":\"ImageObject\",\"inLanguage\":\"es\",\"@id\":\"https:\/\/chickencage.com\/es\/#\/schema\/logo\/image\/\",\"url\":\"https:\/\/i0.wp.com\/chickencage.com\/wp-content\/uploads\/2025\/07\/last-logo.jpg?fit=1500%2C240&ssl=1\",\"contentUrl\":\"https:\/\/i0.wp.com\/chickencage.com\/wp-content\/uploads\/2025\/07\/last-logo.jpg?fit=1500%2C240&ssl=1\",\"width\":1500,\"height\":240,\"caption\":\"Huabang Agricultural and Animal Husbandry Machinery\"},\"image\":{\"@id\":\"https:\/\/chickencage.com\/es\/#\/schema\/logo\/image\/\"},\"sameAs\":[\"https:\/\/www.facebook.com\/share\/1AtJU1wzRY\/?mibextid=LQQJ4d\",\"https:\/\/www.linkedin.cn\/incareer\/in\/yongchao-ge-6a4ba8380\"]}]}<\/script>\n<!-- \/ Yoast SEO plugin. -->","yoast_head_json":{"title":"Sistema de alimentaci\u00f3n autom\u00e1tico - layer chicken cage broiler poultry equipment,trust Huabang Smart","robots":{"index":"index","follow":"follow","max-snippet":"max-snippet:-1","max-image-preview":"max-image-preview:large","max-video-preview":"max-video-preview:-1"},"canonical":"https:\/\/chickencage.com\/es\/products\/sistema-de-alimentacion-automatico\/","og_locale":"es_ES","og_type":"article","og_title":"Sistema de alimentaci\u00f3n autom\u00e1tico - layer chicken cage broiler poultry equipment,trust Huabang Smart","og_description":"Este sistema inteligente de cr\u00eda de pollos de engorde utiliza tecnolog\u00eda de automatizaci\u00f3n avanzada para garantizar que cada pollo pueda obtener el mejor entorno de crecimiento. El sistema de l\u00ednea de alimentaci\u00f3n y agua proporciona autom\u00e1ticamente alimentos frescos y agua limpia para garantizar una dieta saludable para la parvada. El piso de pollo hecho de material PP es duradero y f\u00e1cil de limpiar, lo que previene enfermedades de manera eficiente. Los sistemas eficientes de ventiladores y cortinas mantienen la calidad del aire y la temperatura adecuada. Mientras que los sistemas de control ambiental ajustan par\u00e1metros clave como la temperatura y la humedad en tiempo real para garantizar el crecimiento saludable de la parvada.","og_url":"https:\/\/chickencage.com\/es\/products\/sistema-de-alimentacion-automatico\/","og_site_name":"layer chicken cage broiler poultry equipment,trust Huabang Smart","article_publisher":"https:\/\/www.facebook.com\/share\/1AtJU1wzRY\/?mibextid=LQQJ4d","twitter_card":"summary_large_image","twitter_misc":{"Tiempo de lectura":"1 minuto"},"schema":{"@context":"https:\/\/schema.org","@graph":[{"@type":"WebPage","@id":"https:\/\/chickencage.com\/es\/products\/sistema-de-alimentacion-automatico\/","url":"https:\/\/chickencage.com\/es\/products\/sistema-de-alimentacion-automatico\/","name":"Sistema de alimentaci\u00f3n autom\u00e1tico - layer chicken cage broiler poultry equipment,trust Huabang Smart","isPartOf":{"@id":"https:\/\/chickencage.com\/es\/#website"},"datePublished":"2025-07-25T06:57:39+00:00","breadcrumb":{"@id":"https:\/\/chickencage.com\/es\/products\/sistema-de-alimentacion-automatico\/#breadcrumb"},"inLanguage":"es","potentialAction":[{"@type":"ReadAction","target":["https:\/\/chickencage.com\/es\/products\/sistema-de-alimentacion-automatico\/"]}]},{"@type":"BreadcrumbList","@id":"https:\/\/chickencage.com\/es\/products\/sistema-de-alimentacion-automatico\/#breadcrumb","itemListElement":[{"@type":"ListItem","position":1,"name":"Home","item":"https:\/\/chickencage.com\/es\/"},{"@type":"ListItem","position":2,"name":"Productos","item":"https:\/\/chickencage.com\/es\/productos\/"},{"@type":"ListItem","position":3,"name":"Sistema de alimentaci\u00f3n autom\u00e1tico"}]},{"@type":"WebSite","@id":"https:\/\/chickencage.com\/es\/#website","url":"https:\/\/chickencage.com\/es\/","name":"Huabang Agricultural and Animal Husbandry Machinery","description":"broiler cage, layer chicken cages and poultry equipment, It is a high-tech enterprise in China specializing in the production of high-quality established in 2009","publisher":{"@id":"https:\/\/chickencage.com\/es\/#organization"},"potentialAction":[{"@type":"SearchAction","target":{"@type":"EntryPoint","urlTemplate":"https:\/\/chickencage.com\/es\/?s={search_term_string}"},"query-input":{"@type":"PropertyValueSpecification","valueRequired":true,"valueName":"search_term_string"}}],"inLanguage":"es"},{"@type":"Organization","@id":"https:\/\/chickencage.com\/es\/#organization","name":"Huabang Agricultural and Animal Husbandry Machinery","url":"https:\/\/chickencage.com\/es\/","logo":{"@type":"ImageObject","inLanguage":"es","@id":"https:\/\/chickencage.com\/es\/#\/schema\/logo\/image\/","url":"https:\/\/i0.wp.com\/chickencage.com\/wp-content\/uploads\/2025\/07\/last-logo.jpg?fit=1500%2C240&ssl=1","contentUrl":"https:\/\/i0.wp.com\/chickencage.com\/wp-content\/uploads\/2025\/07\/last-logo.jpg?fit=1500%2C240&ssl=1","width":1500,"height":240,"caption":"Huabang Agricultural and Animal Husbandry Machinery"},"image":{"@id":"https:\/\/chickencage.com\/es\/#\/schema\/logo\/image\/"},"sameAs":["https:\/\/www.facebook.com\/share\/1AtJU1wzRY\/?mibextid=LQQJ4d","https:\/\/www.linkedin.cn\/incareer\/in\/yongchao-ge-6a4ba8380"]}]}},"_links":{"self":[{"href":"https:\/\/chickencage.com\/es\/wp-json\/wp\/v2\/product\/3273","targetHints":{"allow":["GET"]}}],"collection":[{"href":"https:\/\/chickencage.com\/es\/wp-json\/wp\/v2\/product"}],"about":[{"href":"https:\/\/chickencage.com\/es\/wp-json\/wp\/v2\/types\/product"}],"replies":[{"embeddable":true,"href":"https:\/\/chickencage.com\/es\/wp-json\/wp\/v2\/comments?post=3273"}],"version-history":[{"count":0,"href":"https:\/\/chickencage.com\/es\/wp-json\/wp\/v2\/product\/3273\/revisions"}],"wp:attachment":[{"href":"https:\/\/chickencage.com\/es\/wp-json\/wp\/v2\/media?parent=3273"}],"wp:term":[{"taxonomy":"product_brand","embeddable":true,"href":"https:\/\/chickencage.com\/es\/wp-json\/wp\/v2\/product_brand?post=3273"},{"taxonomy":"product_cat","embeddable":true,"href":"https:\/\/chickencage.com\/es\/wp-json\/wp\/v2\/product_cat?post=3273"},{"taxonomy":"product_tag","embeddable":true,"href":"https:\/\/chickencage.com\/es\/wp-json\/wp\/v2\/product_tag?post=3273"}],"curies":[{"name":"wp","href":"https:\/\/api.w.org\/{rel}","templated":true}]}}