{"id":3266,"date":"2025-07-25T06:59:46","date_gmt":"2025-07-25T06:59:46","guid":{"rendered":"https:\/\/chickencage.com\/product\/jaula-de-pollos-en-capas\/"},"modified":"2025-07-25T06:59:46","modified_gmt":"2025-07-25T06:59:46","slug":"jaula-de-pollos-en-capas","status":"publish","type":"product","link":"https:\/\/chickencage.com\/es\/products\/jaula-de-pollos-en-capas\/","title":{"rendered":"Jaula de pollos en capas"},"content":{"rendered":"<p>Las dimensiones t\u00edpicas de una jaula para pollos son 1,2 metros de largo y 1,2 metros de ancho. Nuestras jaulas de ponedoras cuentan con una estructura bien dise\u00f1ada y una construcci\u00f3n robusta, lo que ahorra tiempo y esfuerzo, y libera a los agricultores de un arduo trabajo. Estas jaulas utilizan galvanizado en caliente y, en condiciones bien ventiladas, tienen una vida \u00fatil de m\u00e1s de 20 a\u00f1os. El marco de la jaula est\u00e1 hecho de placa de aleaci\u00f3n de zinc-aluminio-magnesio. La malla de la jaula est\u00e1 hecha de alambre de aleaci\u00f3n de zinc y aluminio. La tuber\u00eda de suministro de agua puede ser cuadrada o redonda, y el bebedero es una tuber\u00eda cuadrada c\u00f3nica (juego de cuatro). El canal est\u00e1 hecho de acero galvanizado de doble cara.      <\/p>\n","protected":false},"excerpt":{"rendered":"<p>Nuestras jaulas para gallinas ponedoras est\u00e1n equipadas con un sistema autom\u00e1tico de recolecci\u00f3n de huevos que cuenta con tecnolog\u00eda avanzada. Utilizando tecnolog\u00eda europea, la l\u00ednea de recolecci\u00f3n de huevos del medio transporta autom\u00e1ticamente los huevos desde cada fila de jaulas de pollos hasta el frente del gallinero, y cada capa de huevos ingresa a su propia caja de transporte de huevos. Luego se concentran y transportan a la sala de recolecci\u00f3n de huevos, donde los huevos se transportan uniformemente para su recolecci\u00f3n, evitando que personal no autorizado ingrese al gallinero y reduciendo significativamente la propagaci\u00f3n de bacterias dentro de \u00e9l. Adecuado para granjas grandes, medianas y peque\u00f1as, mejorando significativamente la automatizaci\u00f3n, la eficiencia, el ahorro de mano de obra y reduciendo las tasas de rotura de huevos.   <\/p>\n","protected":false},"featured_media":1335,"comment_status":"open","ping_status":"closed","template":"","meta":[],"product_brand":[],"product_cat":[110],"product_tag":[],"class_list":{"0":"post-3266","1":"product","2":"type-product","3":"status-publish","4":"has-post-thumbnail","6":"product_cat-layer-chicken-cage","8":"first","9":"instock","10":"shipping-taxable","11":"product-type-simple"},"gallery_images":[204,3788,854,4566,853,266,223,219],"yoast_head":"<!-- This site is optimized with the Yoast SEO plugin v26.2 - https:\/\/yoast.com\/wordpress\/plugins\/seo\/ -->\n<title>Jaula de pollos en capas - layer chicken cage broiler poultry equipment,trust Huabang Smart<\/title>\n<meta name=\"robots\" content=\"index, follow, max-snippet:-1, max-image-preview:large, max-video-preview:-1\" \/>\n<link rel=\"canonical\" href=\"https:\/\/chickencage.com\/es\/products\/jaula-de-pollos-en-capas\/\" \/>\n<meta property=\"og:locale\" content=\"es_ES\" \/>\n<meta property=\"og:type\" content=\"article\" \/>\n<meta property=\"og:title\" content=\"Jaula de pollos en capas - layer chicken cage broiler poultry equipment,trust Huabang Smart\" \/>\n<meta property=\"og:description\" content=\"Nuestras jaulas para gallinas ponedoras est\u00e1n equipadas con un sistema autom\u00e1tico de recolecci\u00f3n de huevos que cuenta con tecnolog\u00eda avanzada. Utilizando tecnolog\u00eda europea, la l\u00ednea de recolecci\u00f3n de huevos del medio transporta autom\u00e1ticamente los huevos desde cada fila de jaulas de pollos hasta el frente del gallinero, y cada capa de huevos ingresa a su propia caja de transporte de huevos. Luego se concentran y transportan a la sala de recolecci\u00f3n de huevos, donde los huevos se transportan uniformemente para su recolecci\u00f3n, evitando que personal no autorizado ingrese al gallinero y reduciendo significativamente la propagaci\u00f3n de bacterias dentro de \u00e9l. Adecuado para granjas grandes, medianas y peque\u00f1as, mejorando significativamente la automatizaci\u00f3n, la eficiencia, el ahorro de mano de obra y reduciendo las tasas de rotura de huevos.\" \/>\n<meta property=\"og:url\" content=\"https:\/\/chickencage.com\/es\/products\/jaula-de-pollos-en-capas\/\" \/>\n<meta property=\"og:site_name\" content=\"layer chicken cage broiler poultry equipment,trust Huabang Smart\" \/>\n<meta property=\"article:publisher\" content=\"https:\/\/www.facebook.com\/share\/1AtJU1wzRY\/?mibextid=LQQJ4d\" \/>\n<meta property=\"og:image\" content=\"https:\/\/chickencage.com\/wp-content\/uploads\/2025\/07\/Layer-Cage-2-scaled.jpg\" \/>\n\t<meta property=\"og:image:width\" content=\"2560\" \/>\n\t<meta property=\"og:image:height\" content=\"1920\" \/>\n\t<meta property=\"og:image:type\" content=\"image\/jpeg\" \/>\n<meta name=\"twitter:card\" content=\"summary_large_image\" \/>\n<meta name=\"twitter:label1\" content=\"Tiempo de lectura\" \/>\n\t<meta name=\"twitter:data1\" content=\"1 minuto\" \/>\n<script type=\"application\/ld+json\" class=\"yoast-schema-graph\">{\"@context\":\"https:\/\/schema.org\",\"@graph\":[{\"@type\":\"WebPage\",\"@id\":\"https:\/\/chickencage.com\/es\/products\/jaula-de-pollos-en-capas\/\",\"url\":\"https:\/\/chickencage.com\/es\/products\/jaula-de-pollos-en-capas\/\",\"name\":\"Jaula de pollos en capas - layer chicken cage broiler poultry equipment,trust Huabang Smart\",\"isPartOf\":{\"@id\":\"https:\/\/chickencage.com\/es\/#website\"},\"primaryImageOfPage\":{\"@id\":\"https:\/\/chickencage.com\/es\/products\/jaula-de-pollos-en-capas\/#primaryimage\"},\"image\":{\"@id\":\"https:\/\/chickencage.com\/es\/products\/jaula-de-pollos-en-capas\/#primaryimage\"},\"thumbnailUrl\":\"https:\/\/i0.wp.com\/chickencage.com\/wp-content\/uploads\/2025\/07\/Layer-Cage-2-scaled.jpg?fit=2560%2C1920&ssl=1\",\"datePublished\":\"2025-07-25T06:59:46+00:00\",\"breadcrumb\":{\"@id\":\"https:\/\/chickencage.com\/es\/products\/jaula-de-pollos-en-capas\/#breadcrumb\"},\"inLanguage\":\"es\",\"potentialAction\":[{\"@type\":\"ReadAction\",\"target\":[\"https:\/\/chickencage.com\/es\/products\/jaula-de-pollos-en-capas\/\"]}]},{\"@type\":\"ImageObject\",\"inLanguage\":\"es\",\"@id\":\"https:\/\/chickencage.com\/es\/products\/jaula-de-pollos-en-capas\/#primaryimage\",\"url\":\"https:\/\/i0.wp.com\/chickencage.com\/wp-content\/uploads\/2025\/07\/Layer-Cage-2-scaled.jpg?fit=2560%2C1920&ssl=1\",\"contentUrl\":\"https:\/\/i0.wp.com\/chickencage.com\/wp-content\/uploads\/2025\/07\/Layer-Cage-2-scaled.jpg?fit=2560%2C1920&ssl=1\",\"width\":2560,\"height\":1920},{\"@type\":\"BreadcrumbList\",\"@id\":\"https:\/\/chickencage.com\/es\/products\/jaula-de-pollos-en-capas\/#breadcrumb\",\"itemListElement\":[{\"@type\":\"ListItem\",\"position\":1,\"name\":\"Home\",\"item\":\"https:\/\/chickencage.com\/es\/\"},{\"@type\":\"ListItem\",\"position\":2,\"name\":\"Productos\",\"item\":\"https:\/\/chickencage.com\/es\/productos\/\"},{\"@type\":\"ListItem\",\"position\":3,\"name\":\"Jaula de pollos en capas\"}]},{\"@type\":\"WebSite\",\"@id\":\"https:\/\/chickencage.com\/es\/#website\",\"url\":\"https:\/\/chickencage.com\/es\/\",\"name\":\"Huabang Agricultural and Animal Husbandry Machinery\",\"description\":\"broiler cage, layer chicken cages and poultry equipment, It is a high-tech enterprise in China specializing in the production of high-quality established in 2009\",\"publisher\":{\"@id\":\"https:\/\/chickencage.com\/es\/#organization\"},\"potentialAction\":[{\"@type\":\"SearchAction\",\"target\":{\"@type\":\"EntryPoint\",\"urlTemplate\":\"https:\/\/chickencage.com\/es\/?s={search_term_string}\"},\"query-input\":{\"@type\":\"PropertyValueSpecification\",\"valueRequired\":true,\"valueName\":\"search_term_string\"}}],\"inLanguage\":\"es\"},{\"@type\":\"Organization\",\"@id\":\"https:\/\/chickencage.com\/es\/#organization\",\"name\":\"Huabang Agricultural and Animal Husbandry Machinery\",\"url\":\"https:\/\/chickencage.com\/es\/\",\"logo\":{\"@type\":\"ImageObject\",\"inLanguage\":\"es\",\"@id\":\"https:\/\/chickencage.com\/es\/#\/schema\/logo\/image\/\",\"url\":\"https:\/\/i0.wp.com\/chickencage.com\/wp-content\/uploads\/2025\/07\/last-logo.jpg?fit=1500%2C240&ssl=1\",\"contentUrl\":\"https:\/\/i0.wp.com\/chickencage.com\/wp-content\/uploads\/2025\/07\/last-logo.jpg?fit=1500%2C240&ssl=1\",\"width\":1500,\"height\":240,\"caption\":\"Huabang Agricultural and Animal Husbandry Machinery\"},\"image\":{\"@id\":\"https:\/\/chickencage.com\/es\/#\/schema\/logo\/image\/\"},\"sameAs\":[\"https:\/\/www.facebook.com\/share\/1AtJU1wzRY\/?mibextid=LQQJ4d\",\"https:\/\/www.linkedin.cn\/incareer\/in\/yongchao-ge-6a4ba8380\"]}]}<\/script>\n<!-- \/ Yoast SEO plugin. -->","yoast_head_json":{"title":"Jaula de pollos en capas - layer chicken cage broiler poultry equipment,trust Huabang Smart","robots":{"index":"index","follow":"follow","max-snippet":"max-snippet:-1","max-image-preview":"max-image-preview:large","max-video-preview":"max-video-preview:-1"},"canonical":"https:\/\/chickencage.com\/es\/products\/jaula-de-pollos-en-capas\/","og_locale":"es_ES","og_type":"article","og_title":"Jaula de pollos en capas - layer chicken cage broiler poultry equipment,trust Huabang Smart","og_description":"Nuestras jaulas para gallinas ponedoras est\u00e1n equipadas con un sistema autom\u00e1tico de recolecci\u00f3n de huevos que cuenta con tecnolog\u00eda avanzada. Utilizando tecnolog\u00eda europea, la l\u00ednea de recolecci\u00f3n de huevos del medio transporta autom\u00e1ticamente los huevos desde cada fila de jaulas de pollos hasta el frente del gallinero, y cada capa de huevos ingresa a su propia caja de transporte de huevos. Luego se concentran y transportan a la sala de recolecci\u00f3n de huevos, donde los huevos se transportan uniformemente para su recolecci\u00f3n, evitando que personal no autorizado ingrese al gallinero y reduciendo significativamente la propagaci\u00f3n de bacterias dentro de \u00e9l. Adecuado para granjas grandes, medianas y peque\u00f1as, mejorando significativamente la automatizaci\u00f3n, la eficiencia, el ahorro de mano de obra y reduciendo las tasas de rotura de huevos.","og_url":"https:\/\/chickencage.com\/es\/products\/jaula-de-pollos-en-capas\/","og_site_name":"layer chicken cage broiler poultry equipment,trust Huabang Smart","article_publisher":"https:\/\/www.facebook.com\/share\/1AtJU1wzRY\/?mibextid=LQQJ4d","og_image":[{"width":2560,"height":1920,"url":"https:\/\/chickencage.com\/wp-content\/uploads\/2025\/07\/Layer-Cage-2-scaled.jpg","type":"image\/jpeg"}],"twitter_card":"summary_large_image","twitter_misc":{"Tiempo de lectura":"1 minuto"},"schema":{"@context":"https:\/\/schema.org","@graph":[{"@type":"WebPage","@id":"https:\/\/chickencage.com\/es\/products\/jaula-de-pollos-en-capas\/","url":"https:\/\/chickencage.com\/es\/products\/jaula-de-pollos-en-capas\/","name":"Jaula de pollos en capas - layer chicken cage broiler poultry equipment,trust Huabang Smart","isPartOf":{"@id":"https:\/\/chickencage.com\/es\/#website"},"primaryImageOfPage":{"@id":"https:\/\/chickencage.com\/es\/products\/jaula-de-pollos-en-capas\/#primaryimage"},"image":{"@id":"https:\/\/chickencage.com\/es\/products\/jaula-de-pollos-en-capas\/#primaryimage"},"thumbnailUrl":"https:\/\/i0.wp.com\/chickencage.com\/wp-content\/uploads\/2025\/07\/Layer-Cage-2-scaled.jpg?fit=2560%2C1920&ssl=1","datePublished":"2025-07-25T06:59:46+00:00","breadcrumb":{"@id":"https:\/\/chickencage.com\/es\/products\/jaula-de-pollos-en-capas\/#breadcrumb"},"inLanguage":"es","potentialAction":[{"@type":"ReadAction","target":["https:\/\/chickencage.com\/es\/products\/jaula-de-pollos-en-capas\/"]}]},{"@type":"ImageObject","inLanguage":"es","@id":"https:\/\/chickencage.com\/es\/products\/jaula-de-pollos-en-capas\/#primaryimage","url":"https:\/\/i0.wp.com\/chickencage.com\/wp-content\/uploads\/2025\/07\/Layer-Cage-2-scaled.jpg?fit=2560%2C1920&ssl=1","contentUrl":"https:\/\/i0.wp.com\/chickencage.com\/wp-content\/uploads\/2025\/07\/Layer-Cage-2-scaled.jpg?fit=2560%2C1920&ssl=1","width":2560,"height":1920},{"@type":"BreadcrumbList","@id":"https:\/\/chickencage.com\/es\/products\/jaula-de-pollos-en-capas\/#breadcrumb","itemListElement":[{"@type":"ListItem","position":1,"name":"Home","item":"https:\/\/chickencage.com\/es\/"},{"@type":"ListItem","position":2,"name":"Productos","item":"https:\/\/chickencage.com\/es\/productos\/"},{"@type":"ListItem","position":3,"name":"Jaula de pollos en capas"}]},{"@type":"WebSite","@id":"https:\/\/chickencage.com\/es\/#website","url":"https:\/\/chickencage.com\/es\/","name":"Huabang Agricultural and Animal Husbandry Machinery","description":"broiler cage, layer chicken cages and poultry equipment, It is a high-tech enterprise in China specializing in the production of high-quality established in 2009","publisher":{"@id":"https:\/\/chickencage.com\/es\/#organization"},"potentialAction":[{"@type":"SearchAction","target":{"@type":"EntryPoint","urlTemplate":"https:\/\/chickencage.com\/es\/?s={search_term_string}"},"query-input":{"@type":"PropertyValueSpecification","valueRequired":true,"valueName":"search_term_string"}}],"inLanguage":"es"},{"@type":"Organization","@id":"https:\/\/chickencage.com\/es\/#organization","name":"Huabang Agricultural and Animal Husbandry Machinery","url":"https:\/\/chickencage.com\/es\/","logo":{"@type":"ImageObject","inLanguage":"es","@id":"https:\/\/chickencage.com\/es\/#\/schema\/logo\/image\/","url":"https:\/\/i0.wp.com\/chickencage.com\/wp-content\/uploads\/2025\/07\/last-logo.jpg?fit=1500%2C240&ssl=1","contentUrl":"https:\/\/i0.wp.com\/chickencage.com\/wp-content\/uploads\/2025\/07\/last-logo.jpg?fit=1500%2C240&ssl=1","width":1500,"height":240,"caption":"Huabang Agricultural and Animal Husbandry Machinery"},"image":{"@id":"https:\/\/chickencage.com\/es\/#\/schema\/logo\/image\/"},"sameAs":["https:\/\/www.facebook.com\/share\/1AtJU1wzRY\/?mibextid=LQQJ4d","https:\/\/www.linkedin.cn\/incareer\/in\/yongchao-ge-6a4ba8380"]}]}},"_links":{"self":[{"href":"https:\/\/chickencage.com\/es\/wp-json\/wp\/v2\/product\/3266","targetHints":{"allow":["GET"]}}],"collection":[{"href":"https:\/\/chickencage.com\/es\/wp-json\/wp\/v2\/product"}],"about":[{"href":"https:\/\/chickencage.com\/es\/wp-json\/wp\/v2\/types\/product"}],"replies":[{"embeddable":true,"href":"https:\/\/chickencage.com\/es\/wp-json\/wp\/v2\/comments?post=3266"}],"version-history":[{"count":0,"href":"https:\/\/chickencage.com\/es\/wp-json\/wp\/v2\/product\/3266\/revisions"}],"wp:featuredmedia":[{"embeddable":true,"href":"https:\/\/chickencage.com\/es\/wp-json\/wp\/v2\/media\/1335"}],"wp:attachment":[{"href":"https:\/\/chickencage.com\/es\/wp-json\/wp\/v2\/media?parent=3266"}],"wp:term":[{"taxonomy":"product_brand","embeddable":true,"href":"https:\/\/chickencage.com\/es\/wp-json\/wp\/v2\/product_brand?post=3266"},{"taxonomy":"product_cat","embeddable":true,"href":"https:\/\/chickencage.com\/es\/wp-json\/wp\/v2\/product_cat?post=3266"},{"taxonomy":"product_tag","embeddable":true,"href":"https:\/\/chickencage.com\/es\/wp-json\/wp\/v2\/product_tag?post=3266"}],"curies":[{"name":"wp","href":"https:\/\/api.w.org\/{rel}","templated":true}]}}